{"id":3673,"date":"2020-06-22T13:02:34","date_gmt":"2020-06-22T13:02:34","guid":{"rendered":"https:\/\/markos.rs\/index.php\/product\/import-placeholder-for-3268\/"},"modified":"2021-09-16T12:59:20","modified_gmt":"2021-09-16T12:59:20","slug":"nox-n311-bolt-crno-zuta","status":"publish","type":"product","link":"https:\/\/markos.rs\/index.php\/product\/nox-n311-bolt-crno-zuta\/","title":{"rendered":"Nox N311 Bolt \/ crno-\u017euta"},"content":{"rendered":"","protected":false},"excerpt":{"rendered":"<p>N311 je odli\u010dan izbor za one koji \u017eele zatvorenu off-road kacigu, a da pritom ne moraju da odvoje puno para. Vizir se vrlo lako skida, tako da mo\u017ee i da se koristi sa kros nao\u010darima.<\/p>\n","protected":false},"featured_media":3719,"template":"","meta":{"slim_seo":[]},"pwb-brand":[],"product_brand":[],"product_cat":[332],"product_tag":[239,234,235,240,241,236],"class_list":{"0":"post-3673","1":"product","2":"type-product","3":"status-publish","4":"has-post-thumbnail","6":"product_cat-off-road-kacige","7":"product_tag-adventure","8":"product_tag-kaciga","9":"product_tag-moto","10":"product_tag-nox","11":"product_tag-offroad","12":"product_tag-oprema","14":"first","15":"outofstock","16":"shipping-taxable","17":"purchasable","18":"product-type-simple"},"brands":[],"_links":{"self":[{"href":"https:\/\/markos.rs\/index.php\/wp-json\/wp\/v2\/product\/3673","targetHints":{"allow":["GET"]}}],"collection":[{"href":"https:\/\/markos.rs\/index.php\/wp-json\/wp\/v2\/product"}],"about":[{"href":"https:\/\/markos.rs\/index.php\/wp-json\/wp\/v2\/types\/product"}],"wp:featuredmedia":[{"embeddable":true,"href":"https:\/\/markos.rs\/index.php\/wp-json\/wp\/v2\/media\/3719"}],"wp:attachment":[{"href":"https:\/\/markos.rs\/index.php\/wp-json\/wp\/v2\/media?parent=3673"}],"wp:term":[{"taxonomy":"pwb-brand","embeddable":true,"href":"https:\/\/markos.rs\/index.php\/wp-json\/wp\/v2\/pwb-brand?post=3673"},{"taxonomy":"product_brand","embeddable":true,"href":"https:\/\/markos.rs\/index.php\/wp-json\/wp\/v2\/product_brand?post=3673"},{"taxonomy":"product_cat","embeddable":true,"href":"https:\/\/markos.rs\/index.php\/wp-json\/wp\/v2\/product_cat?post=3673"},{"taxonomy":"product_tag","embeddable":true,"href":"https:\/\/markos.rs\/index.php\/wp-json\/wp\/v2\/product_tag?post=3673"}],"curies":[{"name":"wp","href":"https:\/\/api.w.org\/{rel}","templated":true}]}}