{"id":3678,"date":"2020-06-22T13:02:35","date_gmt":"2020-06-22T13:02:35","guid":{"rendered":"https:\/\/markos.rs\/index.php\/product\/import-placeholder-for-3291\/"},"modified":"2022-09-19T14:03:48","modified_gmt":"2022-09-19T14:03:48","slug":"rj-tour","status":"publish","type":"product","link":"https:\/\/markos.rs\/index.php\/product\/rj-tour\/","title":{"rendered":"R&#038;J Tour"},"content":{"rendered":"","protected":false},"excerpt":{"rendered":"<p>Duboke, ko\u017ene \u010dizme za voza\u010de koji voze uglavnom van grada.<\/p>\n","protected":false},"featured_media":3739,"template":"","meta":{"slim_seo":[]},"pwb-brand":[],"product_brand":[],"product_cat":[345],"product_tag":[258,235,236,259],"class_list":{"0":"post-3678","1":"product","2":"type-product","3":"status-publish","4":"has-post-thumbnail","6":"product_cat-obuca","7":"product_tag-cizme","8":"product_tag-moto","9":"product_tag-oprema","10":"product_tag-touring","12":"first","13":"onbackorder","14":"shipping-taxable","15":"purchasable","16":"product-type-simple"},"brands":[],"_links":{"self":[{"href":"https:\/\/markos.rs\/index.php\/wp-json\/wp\/v2\/product\/3678","targetHints":{"allow":["GET"]}}],"collection":[{"href":"https:\/\/markos.rs\/index.php\/wp-json\/wp\/v2\/product"}],"about":[{"href":"https:\/\/markos.rs\/index.php\/wp-json\/wp\/v2\/types\/product"}],"wp:featuredmedia":[{"embeddable":true,"href":"https:\/\/markos.rs\/index.php\/wp-json\/wp\/v2\/media\/3739"}],"wp:attachment":[{"href":"https:\/\/markos.rs\/index.php\/wp-json\/wp\/v2\/media?parent=3678"}],"wp:term":[{"taxonomy":"pwb-brand","embeddable":true,"href":"https:\/\/markos.rs\/index.php\/wp-json\/wp\/v2\/pwb-brand?post=3678"},{"taxonomy":"product_brand","embeddable":true,"href":"https:\/\/markos.rs\/index.php\/wp-json\/wp\/v2\/product_brand?post=3678"},{"taxonomy":"product_cat","embeddable":true,"href":"https:\/\/markos.rs\/index.php\/wp-json\/wp\/v2\/product_cat?post=3678"},{"taxonomy":"product_tag","embeddable":true,"href":"https:\/\/markos.rs\/index.php\/wp-json\/wp\/v2\/product_tag?post=3678"}],"curies":[{"name":"wp","href":"https:\/\/api.w.org\/{rel}","templated":true}]}}