{"id":3988,"date":"2020-07-23T09:21:16","date_gmt":"2020-07-23T09:21:16","guid":{"rendered":"https:\/\/markos.rs\/?post_type=product&#038;p=3988"},"modified":"2022-09-09T09:58:27","modified_gmt":"2022-09-09T09:58:27","slug":"silkolene-titanium-dry-lube","status":"publish","type":"product","link":"https:\/\/markos.rs\/index.php\/product\/silkolene-titanium-dry-lube\/","title":{"rendered":"Silkolene Titanium Dry Lube"},"content":{"rendered":"","protected":false},"excerpt":{"rendered":"<p>Verovatno najbolji sprej za podmazivanje lanca na tr\u017ei\u0161tu. Pored ultra jake formule koja mu daje otpornost na visoke brzine, pru\u017ea i odli\u010dno podmazivanje, za\u0161titu od korozije i smanjuje potro\u0161nju lanca i lan\u010danika.<\/p>\n<p>Pogodan je za upotrebu na putnim kao i off-road motociklima. Tako\u0111e, odgovara i X-Ring i O-Ring lancima podjednako.<\/p>\n<p>Silkolene preporu\u010duje \u010di\u0161\u0107enje lanca \u201eSilkolene Brake &amp; Chain Cleaner\u201c sprejem pre upotrebe Dry Lube podmaziva\u010da kako bi va\u0161em lancu produ\u017eili \u017eivotni vek \u0161to du\u017ee.<\/p>\n","protected":false},"featured_media":3989,"template":"","meta":{"slim_seo":[]},"pwb-brand":[],"product_brand":[],"product_cat":[364],"product_tag":[366,365],"class_list":{"0":"post-3988","1":"product","2":"type-product","3":"status-publish","4":"has-post-thumbnail","6":"product_cat-silkolene-sprejevi","7":"product_tag-fuchs","8":"product_tag-silkolene","10":"first","11":"instock","12":"shipping-taxable","13":"purchasable","14":"product-type-simple"},"brands":[],"_links":{"self":[{"href":"https:\/\/markos.rs\/index.php\/wp-json\/wp\/v2\/product\/3988","targetHints":{"allow":["GET"]}}],"collection":[{"href":"https:\/\/markos.rs\/index.php\/wp-json\/wp\/v2\/product"}],"about":[{"href":"https:\/\/markos.rs\/index.php\/wp-json\/wp\/v2\/types\/product"}],"wp:featuredmedia":[{"embeddable":true,"href":"https:\/\/markos.rs\/index.php\/wp-json\/wp\/v2\/media\/3989"}],"wp:attachment":[{"href":"https:\/\/markos.rs\/index.php\/wp-json\/wp\/v2\/media?parent=3988"}],"wp:term":[{"taxonomy":"pwb-brand","embeddable":true,"href":"https:\/\/markos.rs\/index.php\/wp-json\/wp\/v2\/pwb-brand?post=3988"},{"taxonomy":"product_brand","embeddable":true,"href":"https:\/\/markos.rs\/index.php\/wp-json\/wp\/v2\/product_brand?post=3988"},{"taxonomy":"product_cat","embeddable":true,"href":"https:\/\/markos.rs\/index.php\/wp-json\/wp\/v2\/product_cat?post=3988"},{"taxonomy":"product_tag","embeddable":true,"href":"https:\/\/markos.rs\/index.php\/wp-json\/wp\/v2\/product_tag?post=3988"}],"curies":[{"name":"wp","href":"https:\/\/api.w.org\/{rel}","templated":true}]}}