{"id":4064,"date":"2020-08-27T12:58:00","date_gmt":"2020-08-27T12:58:00","guid":{"rendered":"https:\/\/markos.rs\/?post_type=product&#038;p=4064"},"modified":"2020-08-27T12:58:01","modified_gmt":"2020-08-27T12:58:01","slug":"silkolene-catorene-r50s","status":"publish","type":"product","link":"https:\/\/markos.rs\/index.php\/product\/silkolene-catorene-r50s\/","title":{"rendered":"Silkolene Catorene R50S"},"content":{"rendered":"","protected":false},"excerpt":{"rendered":"<p>Specijalna me\u0161avina Castor i Ester baze za trka\u010dke motocikle sa vazdu\u0161nim hla\u0111enjem. Pospe\u0161uje hla\u0111enje i spre\u010dava stvaranje naslaga.<\/p>\n","protected":false},"featured_media":4065,"template":"","meta":{"slim_seo":[]},"pwb-brand":[],"product_brand":[],"product_cat":[363],"product_tag":[365],"class_list":{"0":"post-4064","1":"product","2":"type-product","3":"status-publish","4":"has-post-thumbnail","6":"product_cat-silkolene-4t","7":"product_tag-silkolene","9":"first","10":"instock","11":"sale","12":"shipping-taxable","13":"purchasable","14":"product-type-simple"},"brands":[],"_links":{"self":[{"href":"https:\/\/markos.rs\/index.php\/wp-json\/wp\/v2\/product\/4064","targetHints":{"allow":["GET"]}}],"collection":[{"href":"https:\/\/markos.rs\/index.php\/wp-json\/wp\/v2\/product"}],"about":[{"href":"https:\/\/markos.rs\/index.php\/wp-json\/wp\/v2\/types\/product"}],"wp:featuredmedia":[{"embeddable":true,"href":"https:\/\/markos.rs\/index.php\/wp-json\/wp\/v2\/media\/4065"}],"wp:attachment":[{"href":"https:\/\/markos.rs\/index.php\/wp-json\/wp\/v2\/media?parent=4064"}],"wp:term":[{"taxonomy":"pwb-brand","embeddable":true,"href":"https:\/\/markos.rs\/index.php\/wp-json\/wp\/v2\/pwb-brand?post=4064"},{"taxonomy":"product_brand","embeddable":true,"href":"https:\/\/markos.rs\/index.php\/wp-json\/wp\/v2\/product_brand?post=4064"},{"taxonomy":"product_cat","embeddable":true,"href":"https:\/\/markos.rs\/index.php\/wp-json\/wp\/v2\/product_cat?post=4064"},{"taxonomy":"product_tag","embeddable":true,"href":"https:\/\/markos.rs\/index.php\/wp-json\/wp\/v2\/product_tag?post=4064"}],"curies":[{"name":"wp","href":"https:\/\/api.w.org\/{rel}","templated":true}]}}