{"id":4066,"date":"2020-08-27T13:15:06","date_gmt":"2020-08-27T13:15:06","guid":{"rendered":"https:\/\/markos.rs\/?post_type=product&#038;p=4066"},"modified":"2022-09-09T09:56:17","modified_gmt":"2022-09-09T09:56:17","slug":"silkolene-quad-atv-10w-40","status":"publish","type":"product","link":"https:\/\/markos.rs\/index.php\/product\/silkolene-quad-atv-10w-40\/","title":{"rendered":"Silkolene Quad ATV 10W-40"},"content":{"rendered":"","protected":false},"excerpt":{"rendered":"<p>Specijalno polu-sinteti\u010dko ulje za \u010detvorotaktna Quad i ATV vozila. Dodati aditivi poma\u017eu bolje \u010di\u0161\u0107enje agregata i \u0161tite unutra\u0161njost od korozije.<\/p>\n<p>Zadovoljava slede\u0107e svetske standarde:<\/p>\n<p><strong>API:<\/strong> SL<\/p>\n<p><strong>JASO:<\/strong> MA2<\/p>\n","protected":false},"featured_media":4067,"template":"","meta":{"slim_seo":[]},"pwb-brand":[],"product_brand":[],"product_cat":[363],"product_tag":[365],"class_list":{"0":"post-4066","1":"product","2":"type-product","3":"status-publish","4":"has-post-thumbnail","6":"product_cat-silkolene-4t","7":"product_tag-silkolene","9":"first","10":"instock","11":"shipping-taxable","12":"purchasable","13":"product-type-simple"},"brands":[],"_links":{"self":[{"href":"https:\/\/markos.rs\/index.php\/wp-json\/wp\/v2\/product\/4066","targetHints":{"allow":["GET"]}}],"collection":[{"href":"https:\/\/markos.rs\/index.php\/wp-json\/wp\/v2\/product"}],"about":[{"href":"https:\/\/markos.rs\/index.php\/wp-json\/wp\/v2\/types\/product"}],"wp:featuredmedia":[{"embeddable":true,"href":"https:\/\/markos.rs\/index.php\/wp-json\/wp\/v2\/media\/4067"}],"wp:attachment":[{"href":"https:\/\/markos.rs\/index.php\/wp-json\/wp\/v2\/media?parent=4066"}],"wp:term":[{"taxonomy":"pwb-brand","embeddable":true,"href":"https:\/\/markos.rs\/index.php\/wp-json\/wp\/v2\/pwb-brand?post=4066"},{"taxonomy":"product_brand","embeddable":true,"href":"https:\/\/markos.rs\/index.php\/wp-json\/wp\/v2\/product_brand?post=4066"},{"taxonomy":"product_cat","embeddable":true,"href":"https:\/\/markos.rs\/index.php\/wp-json\/wp\/v2\/product_cat?post=4066"},{"taxonomy":"product_tag","embeddable":true,"href":"https:\/\/markos.rs\/index.php\/wp-json\/wp\/v2\/product_tag?post=4066"}],"curies":[{"name":"wp","href":"https:\/\/api.w.org\/{rel}","templated":true}]}}