{"id":4068,"date":"2020-08-27T13:18:17","date_gmt":"2020-08-27T13:18:17","guid":{"rendered":"https:\/\/markos.rs\/?post_type=product&#038;p=4068"},"modified":"2022-09-09T09:11:51","modified_gmt":"2022-09-09T09:11:51","slug":"silkolene-v-twin-20w-50","status":"publish","type":"product","link":"https:\/\/markos.rs\/index.php\/product\/silkolene-v-twin-20w-50\/","title":{"rendered":"Silkolene V-Twin 20W-50"},"content":{"rendered":"","protected":false},"excerpt":{"rendered":"<p>Mineralno ulje specijalno razvijeno za starije V-Twin agregate sa vazdu\u0161nim hla\u0111enjem. Odli\u010dno \u010disti agregat i produ\u017eava radni vek agregata uz za\u0161titu od korozije i naslaga.<\/p>\n<p>Zadovoljava najvi\u0161e svetske standarde za motorna ulja:<\/p>\n<p><strong>API:<\/strong>\u00a0SL<\/p>\n<p><strong>JASO:<\/strong>\u00a0MA2<\/p>\n","protected":false},"featured_media":0,"template":"","meta":{"slim_seo":[]},"pwb-brand":[],"product_brand":[],"product_cat":[363],"product_tag":[365],"class_list":{"0":"post-4068","1":"product","2":"type-product","3":"status-publish","5":"product_cat-silkolene-4t","6":"product_tag-silkolene","8":"first","9":"instock","10":"shipping-taxable","11":"purchasable","12":"product-type-simple"},"brands":[],"_links":{"self":[{"href":"https:\/\/markos.rs\/index.php\/wp-json\/wp\/v2\/product\/4068","targetHints":{"allow":["GET"]}}],"collection":[{"href":"https:\/\/markos.rs\/index.php\/wp-json\/wp\/v2\/product"}],"about":[{"href":"https:\/\/markos.rs\/index.php\/wp-json\/wp\/v2\/types\/product"}],"wp:attachment":[{"href":"https:\/\/markos.rs\/index.php\/wp-json\/wp\/v2\/media?parent=4068"}],"wp:term":[{"taxonomy":"pwb-brand","embeddable":true,"href":"https:\/\/markos.rs\/index.php\/wp-json\/wp\/v2\/pwb-brand?post=4068"},{"taxonomy":"product_brand","embeddable":true,"href":"https:\/\/markos.rs\/index.php\/wp-json\/wp\/v2\/product_brand?post=4068"},{"taxonomy":"product_cat","embeddable":true,"href":"https:\/\/markos.rs\/index.php\/wp-json\/wp\/v2\/product_cat?post=4068"},{"taxonomy":"product_tag","embeddable":true,"href":"https:\/\/markos.rs\/index.php\/wp-json\/wp\/v2\/product_tag?post=4068"}],"curies":[{"name":"wp","href":"https:\/\/api.w.org\/{rel}","templated":true}]}}