{"id":4072,"date":"2020-08-27T13:22:53","date_gmt":"2020-08-27T13:22:53","guid":{"rendered":"https:\/\/markos.rs\/?post_type=product&#038;p=4072"},"modified":"2022-09-09T09:11:37","modified_gmt":"2022-09-09T09:11:37","slug":"silkolene-scoot-sport-2-2","status":"publish","type":"product","link":"https:\/\/markos.rs\/index.php\/product\/silkolene-scoot-sport-2-2\/","title":{"rendered":"Silkolene Scoot Sport 2"},"content":{"rendered":"","protected":false},"excerpt":{"rendered":"<p>Sinteti\u010dko Ester ulje za dvotaktne skutere. Nudi vrlo nisku emisiju dima i odli\u010dno podmazivanje i hla\u0111enje.<\/p>\n<p>Zadovoljava najvi\u0161e svetske standarde za dvotaktna motorna ulja:<\/p>\n<p><strong>API:<\/strong> TC<\/p>\n<p><strong>JASO:\u00a0<\/strong>FC\/FD<\/p>\n","protected":false},"featured_media":4073,"template":"","meta":{"slim_seo":[]},"pwb-brand":[],"product_brand":[],"product_cat":[373],"product_tag":[365],"class_list":{"0":"post-4072","1":"product","2":"type-product","3":"status-publish","4":"has-post-thumbnail","6":"product_cat-ulja-za-skutere","7":"product_tag-silkolene","9":"first","10":"instock","11":"shipping-taxable","12":"purchasable","13":"product-type-simple"},"brands":[],"_links":{"self":[{"href":"https:\/\/markos.rs\/index.php\/wp-json\/wp\/v2\/product\/4072","targetHints":{"allow":["GET"]}}],"collection":[{"href":"https:\/\/markos.rs\/index.php\/wp-json\/wp\/v2\/product"}],"about":[{"href":"https:\/\/markos.rs\/index.php\/wp-json\/wp\/v2\/types\/product"}],"wp:featuredmedia":[{"embeddable":true,"href":"https:\/\/markos.rs\/index.php\/wp-json\/wp\/v2\/media\/4073"}],"wp:attachment":[{"href":"https:\/\/markos.rs\/index.php\/wp-json\/wp\/v2\/media?parent=4072"}],"wp:term":[{"taxonomy":"pwb-brand","embeddable":true,"href":"https:\/\/markos.rs\/index.php\/wp-json\/wp\/v2\/pwb-brand?post=4072"},{"taxonomy":"product_brand","embeddable":true,"href":"https:\/\/markos.rs\/index.php\/wp-json\/wp\/v2\/product_brand?post=4072"},{"taxonomy":"product_cat","embeddable":true,"href":"https:\/\/markos.rs\/index.php\/wp-json\/wp\/v2\/product_cat?post=4072"},{"taxonomy":"product_tag","embeddable":true,"href":"https:\/\/markos.rs\/index.php\/wp-json\/wp\/v2\/product_tag?post=4072"}],"curies":[{"name":"wp","href":"https:\/\/api.w.org\/{rel}","templated":true}]}}