{"id":4080,"date":"2020-08-27T14:02:13","date_gmt":"2020-08-27T14:02:13","guid":{"rendered":"https:\/\/markos.rs\/?post_type=product&#038;p=4080"},"modified":"2025-03-05T17:39:20","modified_gmt":"2025-03-05T17:39:20","slug":"silkolene-pro-2","status":"publish","type":"product","link":"https:\/\/markos.rs\/index.php\/product\/silkolene-pro-2\/","title":{"rendered":"Silkolene Pro 2"},"content":{"rendered":"","protected":false},"excerpt":{"rendered":"<p>Vrhunsko, trka\u010dko, full sinteti\u010dko Ester ulje za 2t trka\u010dke motore. Pru\u017ea vi\u0161e snage, bolje performanse, i dugotrajnost agregata i svih unutra\u0161njih delova. Dugogodi\u0161nje iskustvo sa trka na najvi\u0161em nivou pokazalo je da je Pro 2 jedno od retkih ulja koje dvotaktnim motociklima mo\u017ee da pru\u017ei punu snagu i performanse uz o\u010duvanje agregata.<\/p>\n<p>Preporu\u010duje se kori\u0161\u0107enje za prethodnu me\u0161avinu sa gorivom, bez automatskog me\u0161a\u010da. Preporu\u010duje se kori\u0161\u0107enje u odnosu 50:1 (2%).<\/p>\n<p>CIK FIA trka\u010dka homologacija.<\/p>\n","protected":false},"featured_media":4081,"template":"","meta":{"slim_seo":[]},"pwb-brand":[],"product_brand":[],"product_cat":[362],"product_tag":[365],"class_list":{"0":"post-4080","1":"product","2":"type-product","3":"status-publish","4":"has-post-thumbnail","6":"product_cat-silkolene-2t","7":"product_tag-silkolene","9":"first","10":"outofstock","11":"shipping-taxable","12":"purchasable","13":"product-type-simple"},"brands":[],"_links":{"self":[{"href":"https:\/\/markos.rs\/index.php\/wp-json\/wp\/v2\/product\/4080","targetHints":{"allow":["GET"]}}],"collection":[{"href":"https:\/\/markos.rs\/index.php\/wp-json\/wp\/v2\/product"}],"about":[{"href":"https:\/\/markos.rs\/index.php\/wp-json\/wp\/v2\/types\/product"}],"wp:featuredmedia":[{"embeddable":true,"href":"https:\/\/markos.rs\/index.php\/wp-json\/wp\/v2\/media\/4081"}],"wp:attachment":[{"href":"https:\/\/markos.rs\/index.php\/wp-json\/wp\/v2\/media?parent=4080"}],"wp:term":[{"taxonomy":"pwb-brand","embeddable":true,"href":"https:\/\/markos.rs\/index.php\/wp-json\/wp\/v2\/pwb-brand?post=4080"},{"taxonomy":"product_brand","embeddable":true,"href":"https:\/\/markos.rs\/index.php\/wp-json\/wp\/v2\/product_brand?post=4080"},{"taxonomy":"product_cat","embeddable":true,"href":"https:\/\/markos.rs\/index.php\/wp-json\/wp\/v2\/product_cat?post=4080"},{"taxonomy":"product_tag","embeddable":true,"href":"https:\/\/markos.rs\/index.php\/wp-json\/wp\/v2\/product_tag?post=4080"}],"curies":[{"name":"wp","href":"https:\/\/api.w.org\/{rel}","templated":true}]}}