{"id":4084,"date":"2020-08-27T14:15:32","date_gmt":"2020-08-27T14:15:32","guid":{"rendered":"https:\/\/markos.rs\/?post_type=product&#038;p=4084"},"modified":"2024-11-21T13:10:00","modified_gmt":"2024-11-21T13:10:00","slug":"silkolene-brake-clutch-fluid-dot4","status":"publish","type":"product","link":"https:\/\/markos.rs\/index.php\/product\/silkolene-brake-clutch-fluid-dot4\/","title":{"rendered":"Silkolene Brake &#038; Clutch Fluid DOT4"},"content":{"rendered":"","protected":false},"excerpt":{"rendered":"<p>DOT 4 ko\u010diona te\u010dnost pogodna za sve hidrauli\u010dne ko\u010dione sisteme kao i za sisteme hidrauli\u010dnog kva\u010dila.<\/p>\n<p>Suva ta\u010dka klju\u010danja: 230\u00b0C<\/p>\n<p>Vla\u017ena ta\u010dka klju\u010danja: 155\u00b0C<\/p>\n<p>Bezbedno se me\u0161a sa drugim ko\u010dionim uljima koja zadovoljavaju slede\u0107e standarde: FMVSS116, DOT 5.1, DOT 4, DOT 3, ISO4925<\/p>\n","protected":false},"featured_media":4085,"template":"","meta":{"slim_seo":[]},"pwb-brand":[],"product_brand":[],"product_cat":[374],"product_tag":[365],"class_list":{"0":"post-4084","1":"product","2":"type-product","3":"status-publish","4":"has-post-thumbnail","6":"product_cat-ulja-i-maziva-za-odrzavanje","7":"product_tag-silkolene","9":"first","10":"instock","11":"shipping-taxable","12":"purchasable","13":"product-type-simple"},"brands":[],"_links":{"self":[{"href":"https:\/\/markos.rs\/index.php\/wp-json\/wp\/v2\/product\/4084","targetHints":{"allow":["GET"]}}],"collection":[{"href":"https:\/\/markos.rs\/index.php\/wp-json\/wp\/v2\/product"}],"about":[{"href":"https:\/\/markos.rs\/index.php\/wp-json\/wp\/v2\/types\/product"}],"wp:featuredmedia":[{"embeddable":true,"href":"https:\/\/markos.rs\/index.php\/wp-json\/wp\/v2\/media\/4085"}],"wp:attachment":[{"href":"https:\/\/markos.rs\/index.php\/wp-json\/wp\/v2\/media?parent=4084"}],"wp:term":[{"taxonomy":"pwb-brand","embeddable":true,"href":"https:\/\/markos.rs\/index.php\/wp-json\/wp\/v2\/pwb-brand?post=4084"},{"taxonomy":"product_brand","embeddable":true,"href":"https:\/\/markos.rs\/index.php\/wp-json\/wp\/v2\/product_brand?post=4084"},{"taxonomy":"product_cat","embeddable":true,"href":"https:\/\/markos.rs\/index.php\/wp-json\/wp\/v2\/product_cat?post=4084"},{"taxonomy":"product_tag","embeddable":true,"href":"https:\/\/markos.rs\/index.php\/wp-json\/wp\/v2\/product_tag?post=4084"}],"curies":[{"name":"wp","href":"https:\/\/api.w.org\/{rel}","templated":true}]}}