{"id":4111,"date":"2021-01-19T11:33:33","date_gmt":"2021-01-19T11:33:33","guid":{"rendered":"https:\/\/markos.rs\/?post_type=product&#038;p=4111"},"modified":"2021-01-19T12:15:13","modified_gmt":"2021-01-19T12:15:13","slug":"kaciga-ls2-ff353-rapid-junior-monster","status":"publish","type":"product","link":"https:\/\/markos.rs\/index.php\/product\/kaciga-ls2-ff353-rapid-junior-monster\/","title":{"rendered":"Kaciga LS2 FF353 Rapid Junior Monster"},"content":{"rendered":"","protected":false},"excerpt":{"rendered":"<p>Full Face kaciga de\u010dije veli\u010dine. Izdvaja se po tome \u0161to po\u0161tuje sve propise i standarde izrade za\u0161titnih moto kaciga a da pritom savr\u0161eno pristaje deci.<\/p>\n<p>Niska te\u017eina doprinosi tome da dete lak\u0161e podnosi no\u0161enje kaciga na du\u017ee.<\/p>\n","protected":false},"featured_media":4112,"template":"","meta":{"slim_seo":[]},"pwb-brand":[],"product_brand":[],"product_cat":[329],"product_tag":[],"class_list":{"0":"post-4111","1":"product","2":"type-product","3":"status-publish","4":"has-post-thumbnail","6":"product_cat-full-face","7":"pa_dodaci-priprema-pinlock","8":"pa_dodaci-stit-vrat","9":"pa_dodaci-usmerivac","10":"pa_kopca-brza","11":"pa_mat-hptt","12":"pa_unutra-antibakterijska","13":"pa_unutra-hiperalergenska","14":"pa_unutra-vadiva","15":"pa_vel-l","16":"pa_vel-m","18":"first","19":"instock","20":"shipping-taxable","21":"purchasable","22":"product-type-simple"},"brands":[],"_links":{"self":[{"href":"https:\/\/markos.rs\/index.php\/wp-json\/wp\/v2\/product\/4111","targetHints":{"allow":["GET"]}}],"collection":[{"href":"https:\/\/markos.rs\/index.php\/wp-json\/wp\/v2\/product"}],"about":[{"href":"https:\/\/markos.rs\/index.php\/wp-json\/wp\/v2\/types\/product"}],"wp:featuredmedia":[{"embeddable":true,"href":"https:\/\/markos.rs\/index.php\/wp-json\/wp\/v2\/media\/4112"}],"wp:attachment":[{"href":"https:\/\/markos.rs\/index.php\/wp-json\/wp\/v2\/media?parent=4111"}],"wp:term":[{"taxonomy":"pwb-brand","embeddable":true,"href":"https:\/\/markos.rs\/index.php\/wp-json\/wp\/v2\/pwb-brand?post=4111"},{"taxonomy":"product_brand","embeddable":true,"href":"https:\/\/markos.rs\/index.php\/wp-json\/wp\/v2\/product_brand?post=4111"},{"taxonomy":"product_cat","embeddable":true,"href":"https:\/\/markos.rs\/index.php\/wp-json\/wp\/v2\/product_cat?post=4111"},{"taxonomy":"product_tag","embeddable":true,"href":"https:\/\/markos.rs\/index.php\/wp-json\/wp\/v2\/product_tag?post=4111"}],"curies":[{"name":"wp","href":"https:\/\/api.w.org\/{rel}","templated":true}]}}