{"id":4121,"date":"2021-01-19T13:20:35","date_gmt":"2021-01-19T13:20:35","guid":{"rendered":"https:\/\/markos.rs\/?post_type=product&#038;p=4121"},"modified":"2023-03-20T20:15:28","modified_gmt":"2023-03-20T20:15:28","slug":"kaciga-ls2-mx437-fast-evo-crusher-junior","status":"publish","type":"product","link":"https:\/\/markos.rs\/index.php\/product\/kaciga-ls2-mx437-fast-evo-crusher-junior\/","title":{"rendered":"Kaciga LS2 MX437 Fast EVO Crusher Junior"},"content":{"rendered":"","protected":false},"excerpt":{"rendered":"<p>De\u010dija kros kaciga koja zadovoljava sve standarde regularnih kaciga. Sa FAST modelom, va\u0161 mali trka\u010d \u0107e biti bezbedan, bilo to na kvadu ili krosu.<\/p>\n","protected":false},"featured_media":4122,"template":"","meta":{"slim_seo":[]},"pwb-brand":[],"product_brand":[],"product_cat":[332],"product_tag":[],"class_list":{"0":"post-4121","1":"product","2":"type-product","3":"status-publish","4":"has-post-thumbnail","6":"product_cat-off-road-kacige","7":"pa_dodaci-hitno-otpustanje","8":"pa_kopca-dupla-d","9":"pa_mat-kpa","10":"pa_unutra-antibakterijska","11":"pa_unutra-hiperalergenska","12":"pa_unutra-vadiva","13":"pa_vel-l","14":"pa_vel-m","15":"pa_vel-s","17":"first","18":"instock","19":"shipping-taxable","20":"purchasable","21":"product-type-variable"},"brands":[],"_links":{"self":[{"href":"https:\/\/markos.rs\/index.php\/wp-json\/wp\/v2\/product\/4121","targetHints":{"allow":["GET"]}}],"collection":[{"href":"https:\/\/markos.rs\/index.php\/wp-json\/wp\/v2\/product"}],"about":[{"href":"https:\/\/markos.rs\/index.php\/wp-json\/wp\/v2\/types\/product"}],"wp:featuredmedia":[{"embeddable":true,"href":"https:\/\/markos.rs\/index.php\/wp-json\/wp\/v2\/media\/4122"}],"wp:attachment":[{"href":"https:\/\/markos.rs\/index.php\/wp-json\/wp\/v2\/media?parent=4121"}],"wp:term":[{"taxonomy":"pwb-brand","embeddable":true,"href":"https:\/\/markos.rs\/index.php\/wp-json\/wp\/v2\/pwb-brand?post=4121"},{"taxonomy":"product_brand","embeddable":true,"href":"https:\/\/markos.rs\/index.php\/wp-json\/wp\/v2\/product_brand?post=4121"},{"taxonomy":"product_cat","embeddable":true,"href":"https:\/\/markos.rs\/index.php\/wp-json\/wp\/v2\/product_cat?post=4121"},{"taxonomy":"product_tag","embeddable":true,"href":"https:\/\/markos.rs\/index.php\/wp-json\/wp\/v2\/product_tag?post=4121"}],"curies":[{"name":"wp","href":"https:\/\/api.w.org\/{rel}","templated":true}]}}