{"id":4128,"date":"2021-02-17T13:07:45","date_gmt":"2021-02-17T13:07:45","guid":{"rendered":"https:\/\/markos.rs\/?post_type=product&#038;p=4128"},"modified":"2025-02-28T12:43:16","modified_gmt":"2025-02-28T12:43:16","slug":"guma-180-55-17-dunlop-gpr300","status":"publish","type":"product","link":"https:\/\/markos.rs\/index.php\/product\/guma-180-55-17-dunlop-gpr300\/","title":{"rendered":"Guma 180\/55-17 Dunlop GPR300"},"content":{"rendered":"","protected":false},"excerpt":{"rendered":"<p><a href=\"https:\/\/www.dunlopmotorcycletires.com\/tire-line\/sportmax-gpr-300\/\" rel=\"noopener\" target=\"_blank\">Dunlop GPR300 <\/a>je naslednik legendarnog Dunlopovog Qualifier modela. Ova guma nudi odli\u010dno izbalansirane performanse za ve\u0107inu sportskih motocikala. Predvi\u0111ena je za voza\u010de koji svoj sportski motocikl koriste ve\u0107inom na gradskim i prigradskim putevima. Zbog svoje komercijalne namene, GPR300 nudi odli\u010dno prijanjanje kako u suvim tako i u vla\u017enim uslovima.<\/p>\n","protected":false},"featured_media":4126,"template":"","meta":{"slim_seo":[]},"pwb-brand":[484],"product_brand":[],"product_cat":[408],"product_tag":[],"class_list":{"0":"post-4128","1":"product","2":"type-product","3":"status-publish","4":"has-post-thumbnail","6":"pwb-brand-dunlop","7":"product_cat-gume","8":"pa_brz-tez-73w","9":"pa_namena-nazad","11":"first","12":"instock","13":"shipping-taxable","14":"purchasable","15":"product-type-simple"},"brands":[{"id":484,"name":"DUNLOP","slug":"dunlop"}],"_links":{"self":[{"href":"https:\/\/markos.rs\/index.php\/wp-json\/wp\/v2\/product\/4128","targetHints":{"allow":["GET"]}}],"collection":[{"href":"https:\/\/markos.rs\/index.php\/wp-json\/wp\/v2\/product"}],"about":[{"href":"https:\/\/markos.rs\/index.php\/wp-json\/wp\/v2\/types\/product"}],"wp:featuredmedia":[{"embeddable":true,"href":"https:\/\/markos.rs\/index.php\/wp-json\/wp\/v2\/media\/4126"}],"wp:attachment":[{"href":"https:\/\/markos.rs\/index.php\/wp-json\/wp\/v2\/media?parent=4128"}],"wp:term":[{"taxonomy":"pwb-brand","embeddable":true,"href":"https:\/\/markos.rs\/index.php\/wp-json\/wp\/v2\/pwb-brand?post=4128"},{"taxonomy":"product_brand","embeddable":true,"href":"https:\/\/markos.rs\/index.php\/wp-json\/wp\/v2\/product_brand?post=4128"},{"taxonomy":"product_cat","embeddable":true,"href":"https:\/\/markos.rs\/index.php\/wp-json\/wp\/v2\/product_cat?post=4128"},{"taxonomy":"product_tag","embeddable":true,"href":"https:\/\/markos.rs\/index.php\/wp-json\/wp\/v2\/product_tag?post=4128"}],"curies":[{"name":"wp","href":"https:\/\/api.w.org\/{rel}","templated":true}]}}