{"id":4135,"date":"2021-02-17T13:51:42","date_gmt":"2021-02-17T13:51:42","guid":{"rendered":"https:\/\/markos.rs\/?post_type=product&#038;p=4135"},"modified":"2024-03-19T22:25:40","modified_gmt":"2024-03-19T22:25:40","slug":"guma-190-50-17-dunlop-roadsmart-iii","status":"publish","type":"product","link":"https:\/\/markos.rs\/index.php\/product\/guma-190-50-17-dunlop-roadsmart-iii\/","title":{"rendered":"Guma 190\/50-17 Dunlop Roadsmart III"},"content":{"rendered":"","protected":false},"excerpt":{"rendered":"<p><a href=\"https:\/\/www.dunlopmotorcycletires.com\/tire-line\/roadsmart-iii\/\" rel=\"noopener\" target=\"_blank\">Dunlop Roadsmart III<\/a> je jedna od najboljih putnih guma ikada. Ova tvrdnja je istinita zato \u0161to Roadsmart 3 nudi vrhunske performanse tokom jo\u0161 vi\u0161e kilometara. Dve razli\u010dite komponente u istoj \u0161ari nude vrhunske performanse sa manjim stepenom potro\u0161nje gume. Tvr\u0111a komponenta na sredini omogu\u0107i\u0107e da guma zadr\u017ei svoj oblik \u010dak i posle pre\u0111enih 15.000km, dok \u0107e mek\u0161a komponenta na rubovima pru\u017eiti odli\u010dne performanse u krivinama. Odli\u010dan izbor za one koji provode dosta vremena na otvorenim putevima.<\/p>\n","protected":false},"featured_media":4132,"template":"","meta":{"slim_seo":[]},"pwb-brand":[484],"product_brand":[],"product_cat":[408],"product_tag":[],"class_list":{"0":"post-4135","1":"product","2":"type-product","3":"status-publish","4":"has-post-thumbnail","6":"pwb-brand-dunlop","7":"product_cat-gume","8":"pa_brz-tez-73w","9":"pa_namena-nazad","11":"first","12":"instock","13":"shipping-taxable","14":"purchasable","15":"product-type-simple"},"brands":[{"id":484,"name":"DUNLOP","slug":"dunlop"}],"_links":{"self":[{"href":"https:\/\/markos.rs\/index.php\/wp-json\/wp\/v2\/product\/4135","targetHints":{"allow":["GET"]}}],"collection":[{"href":"https:\/\/markos.rs\/index.php\/wp-json\/wp\/v2\/product"}],"about":[{"href":"https:\/\/markos.rs\/index.php\/wp-json\/wp\/v2\/types\/product"}],"wp:featuredmedia":[{"embeddable":true,"href":"https:\/\/markos.rs\/index.php\/wp-json\/wp\/v2\/media\/4132"}],"wp:attachment":[{"href":"https:\/\/markos.rs\/index.php\/wp-json\/wp\/v2\/media?parent=4135"}],"wp:term":[{"taxonomy":"pwb-brand","embeddable":true,"href":"https:\/\/markos.rs\/index.php\/wp-json\/wp\/v2\/pwb-brand?post=4135"},{"taxonomy":"product_brand","embeddable":true,"href":"https:\/\/markos.rs\/index.php\/wp-json\/wp\/v2\/product_brand?post=4135"},{"taxonomy":"product_cat","embeddable":true,"href":"https:\/\/markos.rs\/index.php\/wp-json\/wp\/v2\/product_cat?post=4135"},{"taxonomy":"product_tag","embeddable":true,"href":"https:\/\/markos.rs\/index.php\/wp-json\/wp\/v2\/product_tag?post=4135"}],"curies":[{"name":"wp","href":"https:\/\/api.w.org\/{rel}","templated":true}]}}