{"id":4142,"date":"2021-09-15T11:22:19","date_gmt":"2021-09-15T11:22:19","guid":{"rendered":"https:\/\/markos.rs\/?post_type=product&#038;p=4142"},"modified":"2022-09-19T13:54:46","modified_gmt":"2022-09-19T13:54:46","slug":"silkolene-brake-chain-cleaner","status":"publish","type":"product","link":"https:\/\/markos.rs\/index.php\/product\/silkolene-brake-chain-cleaner\/","title":{"rendered":"Silkolene Brake &#038; Chain Cleaner"},"content":{"rendered":"","protected":false},"excerpt":{"rendered":"<p>Silkolene Brake &amp; Chain Cleaner namenjen je specijalno za \u010di\u0161\u0107enje pogonskih lanaca i ko\u010dionih \u010deljusti na motorciklima. Ono \u0161to ga izdvaja od obi\u010dnih sprejeva za \u010di\u0161\u0107enje je \u010dinjenica da svojom formulom ne o\u0161te\u0107uje gumice na lancu i \u010deljustima, \u010dime im i produ\u017eava \u017eivotni vek.<\/p>\n","protected":false},"featured_media":4143,"template":"","meta":{"slim_seo":{"description":"Silkolene Brake & Chain Cleaner je sprej specijalno namenjen za \u010di\u0161\u0107enje lanca i ko\u010dionih \u010deljusti na motociklima."}},"pwb-brand":[],"product_brand":[],"product_cat":[364],"product_tag":[],"class_list":{"0":"post-4142","1":"product","2":"type-product","3":"status-publish","4":"has-post-thumbnail","6":"product_cat-silkolene-sprejevi","8":"first","9":"instock","10":"sold-individually","11":"shipping-taxable","12":"purchasable","13":"product-type-simple"},"brands":[],"_links":{"self":[{"href":"https:\/\/markos.rs\/index.php\/wp-json\/wp\/v2\/product\/4142","targetHints":{"allow":["GET"]}}],"collection":[{"href":"https:\/\/markos.rs\/index.php\/wp-json\/wp\/v2\/product"}],"about":[{"href":"https:\/\/markos.rs\/index.php\/wp-json\/wp\/v2\/types\/product"}],"wp:featuredmedia":[{"embeddable":true,"href":"https:\/\/markos.rs\/index.php\/wp-json\/wp\/v2\/media\/4143"}],"wp:attachment":[{"href":"https:\/\/markos.rs\/index.php\/wp-json\/wp\/v2\/media?parent=4142"}],"wp:term":[{"taxonomy":"pwb-brand","embeddable":true,"href":"https:\/\/markos.rs\/index.php\/wp-json\/wp\/v2\/pwb-brand?post=4142"},{"taxonomy":"product_brand","embeddable":true,"href":"https:\/\/markos.rs\/index.php\/wp-json\/wp\/v2\/product_brand?post=4142"},{"taxonomy":"product_cat","embeddable":true,"href":"https:\/\/markos.rs\/index.php\/wp-json\/wp\/v2\/product_cat?post=4142"},{"taxonomy":"product_tag","embeddable":true,"href":"https:\/\/markos.rs\/index.php\/wp-json\/wp\/v2\/product_tag?post=4142"}],"curies":[{"name":"wp","href":"https:\/\/api.w.org\/{rel}","templated":true}]}}