{"id":4172,"date":"2021-09-16T15:28:45","date_gmt":"2021-09-16T15:28:45","guid":{"rendered":"https:\/\/markos.rs\/?post_type=product&#038;p=4172"},"modified":"2023-03-20T19:55:48","modified_gmt":"2023-03-20T19:55:48","slug":"kaciga-ls2-mx437-fast-evo-crusher-zuta","status":"publish","type":"product","link":"https:\/\/markos.rs\/index.php\/product\/kaciga-ls2-mx437-fast-evo-crusher-zuta\/","title":{"rendered":"Kaciga LS2 MX437 Fast EVO Crusher \u017euta"},"content":{"rendered":"","protected":false},"excerpt":{"rendered":"<p>Namenjena svim offroad voza\u010dima, bili po\u010detnik ili strastveni \u201ckrosista\u201d, ova veoma lagana i prakti\u010dna kaciga zadovolji\u0107e sve va\u0161e potrebe. \u0160iroko vidno polje omugu\u0107ava no\u0161enje svih kros nao\u010dara.<\/p>\n","protected":false},"featured_media":4174,"template":"","meta":{"slim_seo":[]},"pwb-brand":[],"product_brand":[],"product_cat":[332],"product_tag":[],"class_list":{"0":"post-4172","1":"product","2":"type-product","3":"status-publish","4":"has-post-thumbnail","6":"product_cat-off-road-kacige","7":"pa_dodaci-hitno-otpustanje","8":"pa_dodaci-stit-vrat","9":"pa_kopca-dupla-d","10":"pa_mat-kpa","11":"pa_unutra-antibakterijska","12":"pa_unutra-hiperalergenska","13":"pa_unutra-vadiva","14":"pa_vel-l","15":"pa_vel-m","16":"pa_vel-s","17":"pa_vel-xl","19":"first","20":"instock","21":"shipping-taxable","22":"purchasable","23":"product-type-variable"},"brands":[],"_links":{"self":[{"href":"https:\/\/markos.rs\/index.php\/wp-json\/wp\/v2\/product\/4172","targetHints":{"allow":["GET"]}}],"collection":[{"href":"https:\/\/markos.rs\/index.php\/wp-json\/wp\/v2\/product"}],"about":[{"href":"https:\/\/markos.rs\/index.php\/wp-json\/wp\/v2\/types\/product"}],"wp:featuredmedia":[{"embeddable":true,"href":"https:\/\/markos.rs\/index.php\/wp-json\/wp\/v2\/media\/4174"}],"wp:attachment":[{"href":"https:\/\/markos.rs\/index.php\/wp-json\/wp\/v2\/media?parent=4172"}],"wp:term":[{"taxonomy":"pwb-brand","embeddable":true,"href":"https:\/\/markos.rs\/index.php\/wp-json\/wp\/v2\/pwb-brand?post=4172"},{"taxonomy":"product_brand","embeddable":true,"href":"https:\/\/markos.rs\/index.php\/wp-json\/wp\/v2\/product_brand?post=4172"},{"taxonomy":"product_cat","embeddable":true,"href":"https:\/\/markos.rs\/index.php\/wp-json\/wp\/v2\/product_cat?post=4172"},{"taxonomy":"product_tag","embeddable":true,"href":"https:\/\/markos.rs\/index.php\/wp-json\/wp\/v2\/product_tag?post=4172"}],"curies":[{"name":"wp","href":"https:\/\/api.w.org\/{rel}","templated":true}]}}