{"id":4350,"date":"2021-10-22T15:44:50","date_gmt":"2021-10-22T15:44:50","guid":{"rendered":"https:\/\/markos.rs\/?post_type=product&#038;p=4350"},"modified":"2023-03-19T19:07:09","modified_gmt":"2023-03-19T19:07:09","slug":"kaciga-ls2-ff900-valiant-ii-stellar","status":"publish","type":"product","link":"https:\/\/markos.rs\/index.php\/product\/kaciga-ls2-ff900-valiant-ii-stellar\/","title":{"rendered":"Kaciga LS2 FF900 Valiant II Stellar"},"content":{"rendered":"","protected":false},"excerpt":{"rendered":"<p>Valiant II je usavr\u0161ena verzija popularnog Valiant modela koje je pomerio granice modularnih kaciga. Sa svojim jedinstvenim mehanizmom podizanja za 180 stepeni, Valiant II je posebno iskustvo za svakoga ko se odlu\u010di za ovu kacigu.<\/p>\n<p>Dvostruko atestirana za vo\u017enju, i kompletno zatvorena kao Full Face kaciga i kao otvorena kaciga, Valiant II na pravi nikakav kompromis sa bezbedno\u0161\u0107u.<\/p>\n<p>Velika koli\u010dina opreme i vrhunska zavr\u0161na obrada prema\u0161uju cenovni rang ove kacige, \u0161to je \u010dini jednom od najboljih u svojoj klasi u odnosu cene i kvaliteta.<\/p>\n","protected":false},"featured_media":4352,"template":"","meta":{"slim_seo":[]},"pwb-brand":[],"product_brand":[],"product_cat":[331],"product_tag":[],"class_list":{"0":"post-4350","1":"product","2":"type-product","3":"status-publish","4":"has-post-thumbnail","6":"product_cat-flip-up-kacige","7":"pa_dodaci-cel-jez","8":"pa_dodaci-sunc-nao","9":"pa_dodaci-pinlock","10":"pa_dodaci-pripre-nao","11":"pa_dodaci-refl-traka","12":"pa_dodaci-usmerivac","13":"pa_dodaci-zavesica","14":"pa_kopca-brza","15":"pa_mat-kpa","16":"pa_unutra-antibakterijska","17":"pa_unutra-hiperalergenska","18":"pa_unutra-vadiva","19":"pa_vel-l","20":"pa_vel-m","21":"pa_vel-xl","22":"pa_vel-xxl","24":"first","25":"outofstock","26":"shipping-taxable","27":"purchasable","28":"product-type-variable"},"brands":[],"_links":{"self":[{"href":"https:\/\/markos.rs\/index.php\/wp-json\/wp\/v2\/product\/4350","targetHints":{"allow":["GET"]}}],"collection":[{"href":"https:\/\/markos.rs\/index.php\/wp-json\/wp\/v2\/product"}],"about":[{"href":"https:\/\/markos.rs\/index.php\/wp-json\/wp\/v2\/types\/product"}],"wp:featuredmedia":[{"embeddable":true,"href":"https:\/\/markos.rs\/index.php\/wp-json\/wp\/v2\/media\/4352"}],"wp:attachment":[{"href":"https:\/\/markos.rs\/index.php\/wp-json\/wp\/v2\/media?parent=4350"}],"wp:term":[{"taxonomy":"pwb-brand","embeddable":true,"href":"https:\/\/markos.rs\/index.php\/wp-json\/wp\/v2\/pwb-brand?post=4350"},{"taxonomy":"product_brand","embeddable":true,"href":"https:\/\/markos.rs\/index.php\/wp-json\/wp\/v2\/product_brand?post=4350"},{"taxonomy":"product_cat","embeddable":true,"href":"https:\/\/markos.rs\/index.php\/wp-json\/wp\/v2\/product_cat?post=4350"},{"taxonomy":"product_tag","embeddable":true,"href":"https:\/\/markos.rs\/index.php\/wp-json\/wp\/v2\/product_tag?post=4350"}],"curies":[{"name":"wp","href":"https:\/\/api.w.org\/{rel}","templated":true}]}}