{"id":4388,"date":"2021-11-05T15:03:53","date_gmt":"2021-11-05T15:03:53","guid":{"rendered":"https:\/\/markos.rs\/?post_type=product&#038;p=4388"},"modified":"2023-03-19T18:47:39","modified_gmt":"2023-03-19T18:47:39","slug":"kaciga-ls2-ff902-scope-titanium-crna","status":"publish","type":"product","link":"https:\/\/markos.rs\/index.php\/product\/kaciga-ls2-ff902-scope-titanium-crna\/","title":{"rendered":"Kaciga LS2 FF902 Scope Titanium Crna sa naocarima"},"content":{"rendered":"","protected":false},"excerpt":{"rendered":"<div class=\"woocommerce-product-details__short-description\">\n<p>Ne \u017eelite da imate dve razli\u010dite kacige? Nikakav problem! LS2 Scope je flip up kaciga koja vam pru\u017ea najbolje iz oba sveta, zatvorenih i otvorenih kaciga. Kao i kod svih LS2 kaciga, sigurnost je na prvom mestu, a da se pritom ne pravi nikakav kompromis sa udobno\u0161\u0107u kacige. Hiperalegenska unutra\u0161njost u\u010dini\u0107e da zaboravite da uop\u0161te imate kacigu na glavi.<\/p>\n<\/div>\n","protected":false},"featured_media":4391,"template":"","meta":{"slim_seo":[]},"pwb-brand":[],"product_brand":[],"product_cat":[331],"product_tag":[],"class_list":{"0":"post-4388","1":"product","2":"type-product","3":"status-publish","4":"has-post-thumbnail","6":"product_cat-flip-up-kacige","7":"pa_dodaci-cel-jez","8":"pa_dodaci-sunc-nao","9":"pa_dodaci-pinlock","10":"pa_dodaci-pripre-nao","11":"pa_dodaci-refl-traka","12":"pa_dodaci-usmerivac","13":"pa_dodaci-zavesica","14":"pa_kopca-brza","15":"pa_mat-hptt","16":"pa_unutra-antibakterijska","17":"pa_unutra-hiperalergenska","18":"pa_unutra-vadiva","19":"pa_vel-l","20":"pa_vel-m","21":"pa_vel-s","22":"pa_vel-xl","23":"pa_vel-xxl","25":"first","26":"instock","27":"shipping-taxable","28":"purchasable","29":"product-type-variable"},"brands":[],"_links":{"self":[{"href":"https:\/\/markos.rs\/index.php\/wp-json\/wp\/v2\/product\/4388","targetHints":{"allow":["GET"]}}],"collection":[{"href":"https:\/\/markos.rs\/index.php\/wp-json\/wp\/v2\/product"}],"about":[{"href":"https:\/\/markos.rs\/index.php\/wp-json\/wp\/v2\/types\/product"}],"wp:featuredmedia":[{"embeddable":true,"href":"https:\/\/markos.rs\/index.php\/wp-json\/wp\/v2\/media\/4391"}],"wp:attachment":[{"href":"https:\/\/markos.rs\/index.php\/wp-json\/wp\/v2\/media?parent=4388"}],"wp:term":[{"taxonomy":"pwb-brand","embeddable":true,"href":"https:\/\/markos.rs\/index.php\/wp-json\/wp\/v2\/pwb-brand?post=4388"},{"taxonomy":"product_brand","embeddable":true,"href":"https:\/\/markos.rs\/index.php\/wp-json\/wp\/v2\/product_brand?post=4388"},{"taxonomy":"product_cat","embeddable":true,"href":"https:\/\/markos.rs\/index.php\/wp-json\/wp\/v2\/product_cat?post=4388"},{"taxonomy":"product_tag","embeddable":true,"href":"https:\/\/markos.rs\/index.php\/wp-json\/wp\/v2\/product_tag?post=4388"}],"curies":[{"name":"wp","href":"https:\/\/api.w.org\/{rel}","templated":true}]}}