{"id":4718,"date":"2021-11-08T16:48:13","date_gmt":"2021-11-08T16:48:13","guid":{"rendered":"https:\/\/markos.rs\/?post_type=product&#038;p=4718"},"modified":"2021-11-08T16:48:13","modified_gmt":"2021-11-08T16:48:13","slug":"jakna-ls2-alba-lady-svetlo-siva","status":"publish","type":"product","link":"https:\/\/markos.rs\/index.php\/product\/jakna-ls2-alba-lady-svetlo-siva\/","title":{"rendered":"Jakna LS2 Alba Lady svetlo siva"},"content":{"rendered":"","protected":false},"excerpt":{"rendered":"<p>Letnja tekstilna jakna napravljena od kombinacije otporne Ripstop tkanine i Mesh tkanine. Veliki mre\u017easti paneli garantuju protok vazduha \u0161to u toplim letnjim danima pru\u017ea optimalnu temeraturu unutar jakne, a da pritom nema kompromisa sa sigurno\u0161\u0107u.<\/p>\n","protected":false},"featured_media":4719,"template":"","meta":{"slim_seo":[]},"pwb-brand":[],"product_brand":[],"product_cat":[323],"product_tag":[],"class_list":{"0":"post-4718","1":"product","2":"type-product","3":"status-publish","4":"has-post-thumbnail","6":"product_cat-zenske-jakne","7":"pa_dodaci-podesiva-sirina-rukava","8":"pa_dodaci-podesiva-sirina-struka","9":"pa_dodaci-podesivo-zatvaranje-na-kragni","10":"pa_dodaci-priprema-za-pantalone","11":"pa_dodaci-vodootporni-dzepovi","12":"pa_mat-mesh","13":"pa_mat-poliester-ripstop","14":"pa_protekt-lakt","15":"pa_protekt-ledja","16":"pa_protekt-ram","17":"pa_vel-l","18":"pa_vel-m","19":"pa_vel-s","21":"first","22":"instock","23":"shipping-taxable","24":"purchasable","25":"product-type-variable"},"brands":[],"_links":{"self":[{"href":"https:\/\/markos.rs\/index.php\/wp-json\/wp\/v2\/product\/4718","targetHints":{"allow":["GET"]}}],"collection":[{"href":"https:\/\/markos.rs\/index.php\/wp-json\/wp\/v2\/product"}],"about":[{"href":"https:\/\/markos.rs\/index.php\/wp-json\/wp\/v2\/types\/product"}],"wp:featuredmedia":[{"embeddable":true,"href":"https:\/\/markos.rs\/index.php\/wp-json\/wp\/v2\/media\/4719"}],"wp:attachment":[{"href":"https:\/\/markos.rs\/index.php\/wp-json\/wp\/v2\/media?parent=4718"}],"wp:term":[{"taxonomy":"pwb-brand","embeddable":true,"href":"https:\/\/markos.rs\/index.php\/wp-json\/wp\/v2\/pwb-brand?post=4718"},{"taxonomy":"product_brand","embeddable":true,"href":"https:\/\/markos.rs\/index.php\/wp-json\/wp\/v2\/product_brand?post=4718"},{"taxonomy":"product_cat","embeddable":true,"href":"https:\/\/markos.rs\/index.php\/wp-json\/wp\/v2\/product_cat?post=4718"},{"taxonomy":"product_tag","embeddable":true,"href":"https:\/\/markos.rs\/index.php\/wp-json\/wp\/v2\/product_tag?post=4718"}],"curies":[{"name":"wp","href":"https:\/\/api.w.org\/{rel}","templated":true}]}}