{"id":4758,"date":"2021-11-08T18:41:39","date_gmt":"2021-11-08T18:41:39","guid":{"rendered":"https:\/\/markos.rs\/?post_type=product&#038;p=4758"},"modified":"2021-11-08T18:41:40","modified_gmt":"2021-11-08T18:41:40","slug":"rukavice-ls2-all-terain-man-crno-plave","status":"publish","type":"product","link":"https:\/\/markos.rs\/index.php\/product\/rukavice-ls2-all-terain-man-crno-plave\/","title":{"rendered":"Rukavice LS2 All Terain Man crno-plave"},"content":{"rendered":"","protected":false},"excerpt":{"rendered":"<p>Vrlo udobne i sigurne rukavice za vi\u0161estruku namenu. Kombinacija ko\u017ee i tekstila pru\u017ea odli\u010dnu za\u0161titu i pokretljivost, bez gubitka ose\u0107aja. Likra izme\u0111u prstiju omogu\u0107ava lak\u0161e pokrete prstiju i bolji ose\u0107aj na ru\u010dicama. Sinteti\u010dki otisak prsta na ka\u017eiprstu omogu\u0107ava vam da koristite mobilni telefon ili navigaciju bez skidanja rukavica.<\/p>\n","protected":false},"featured_media":4759,"template":"","meta":{"slim_seo":[]},"pwb-brand":[],"product_brand":[],"product_cat":[326],"product_tag":[],"class_list":{"0":"post-4758","1":"product","2":"type-product","3":"status-publish","4":"has-post-thumbnail","6":"product_cat-rukavice","7":"pa_dodaci-likra-izmedju-prstiju","8":"pa_dodaci-sineticki-otisak-kaziprsta","9":"pa_mat-koza","10":"pa_mat-tekstil","11":"pa_protekt-gornji-deo-sake","12":"pa_protekt-ojacanje-na-dlanovima","13":"pa_protekt-prsti-i-zglobovi-prstiju","14":"pa_vel-l","15":"pa_vel-xl","17":"first","18":"outofstock","19":"shipping-taxable","20":"purchasable","21":"product-type-variable"},"brands":[],"_links":{"self":[{"href":"https:\/\/markos.rs\/index.php\/wp-json\/wp\/v2\/product\/4758","targetHints":{"allow":["GET"]}}],"collection":[{"href":"https:\/\/markos.rs\/index.php\/wp-json\/wp\/v2\/product"}],"about":[{"href":"https:\/\/markos.rs\/index.php\/wp-json\/wp\/v2\/types\/product"}],"wp:featuredmedia":[{"embeddable":true,"href":"https:\/\/markos.rs\/index.php\/wp-json\/wp\/v2\/media\/4759"}],"wp:attachment":[{"href":"https:\/\/markos.rs\/index.php\/wp-json\/wp\/v2\/media?parent=4758"}],"wp:term":[{"taxonomy":"pwb-brand","embeddable":true,"href":"https:\/\/markos.rs\/index.php\/wp-json\/wp\/v2\/pwb-brand?post=4758"},{"taxonomy":"product_brand","embeddable":true,"href":"https:\/\/markos.rs\/index.php\/wp-json\/wp\/v2\/product_brand?post=4758"},{"taxonomy":"product_cat","embeddable":true,"href":"https:\/\/markos.rs\/index.php\/wp-json\/wp\/v2\/product_cat?post=4758"},{"taxonomy":"product_tag","embeddable":true,"href":"https:\/\/markos.rs\/index.php\/wp-json\/wp\/v2\/product_tag?post=4758"}],"curies":[{"name":"wp","href":"https:\/\/api.w.org\/{rel}","templated":true}]}}