{"id":4802,"date":"2021-11-08T19:19:26","date_gmt":"2021-11-08T19:19:26","guid":{"rendered":"https:\/\/markos.rs\/?post_type=product&#038;p=4802"},"modified":"2021-11-08T19:19:26","modified_gmt":"2021-11-08T19:19:26","slug":"rukavice-ls2-dart-2-man-crno-zute","status":"publish","type":"product","link":"https:\/\/markos.rs\/index.php\/product\/rukavice-ls2-dart-2-man-crno-zute\/","title":{"rendered":"Rukavice LS2 Dart 2 Man crno-\u017eute"},"content":{"rendered":"","protected":false},"excerpt":{"rendered":"<p>LS2 Dart rukavice idealne za svakodnevnu vo\u017enju, bilo da vozite skuter ili motocikl. Napravljene od fleksibilnog materijala, pru\u017eaju idealnu prozra\u010dnost, vode\u0107i ra\u010duna o bezbednosti tokom vo\u017enje. Sinteti\u010dki otisak na ka\u017eiprstu dozvoli\u0107e vam da bez skidanja rukavica, lako i jednostavno koristite mobilni telefon ili navigaciju.<\/p>\n","protected":false},"featured_media":4803,"template":"","meta":{"slim_seo":[]},"pwb-brand":[],"product_brand":[],"product_cat":[326],"product_tag":[],"class_list":{"0":"post-4802","1":"product","2":"type-product","3":"status-publish","4":"has-post-thumbnail","6":"product_cat-rukavice","7":"pa_dodaci-sineticki-otisak-kaziprsta","8":"pa_mat-poliuretan","9":"pa_mat-tekstil","10":"pa_protekt-gornji-deo-sake","11":"pa_protekt-ojacanje-na-dlanovima","12":"pa_vel-l","13":"pa_vel-xl","14":"pa_vel-xxl","16":"first","17":"instock","18":"shipping-taxable","19":"purchasable","20":"product-type-variable"},"brands":[],"_links":{"self":[{"href":"https:\/\/markos.rs\/index.php\/wp-json\/wp\/v2\/product\/4802","targetHints":{"allow":["GET"]}}],"collection":[{"href":"https:\/\/markos.rs\/index.php\/wp-json\/wp\/v2\/product"}],"about":[{"href":"https:\/\/markos.rs\/index.php\/wp-json\/wp\/v2\/types\/product"}],"wp:featuredmedia":[{"embeddable":true,"href":"https:\/\/markos.rs\/index.php\/wp-json\/wp\/v2\/media\/4803"}],"wp:attachment":[{"href":"https:\/\/markos.rs\/index.php\/wp-json\/wp\/v2\/media?parent=4802"}],"wp:term":[{"taxonomy":"pwb-brand","embeddable":true,"href":"https:\/\/markos.rs\/index.php\/wp-json\/wp\/v2\/pwb-brand?post=4802"},{"taxonomy":"product_brand","embeddable":true,"href":"https:\/\/markos.rs\/index.php\/wp-json\/wp\/v2\/product_brand?post=4802"},{"taxonomy":"product_cat","embeddable":true,"href":"https:\/\/markos.rs\/index.php\/wp-json\/wp\/v2\/product_cat?post=4802"},{"taxonomy":"product_tag","embeddable":true,"href":"https:\/\/markos.rs\/index.php\/wp-json\/wp\/v2\/product_tag?post=4802"}],"curies":[{"name":"wp","href":"https:\/\/api.w.org\/{rel}","templated":true}]}}