{"id":4817,"date":"2021-11-08T19:35:36","date_gmt":"2021-11-08T19:35:36","guid":{"rendered":"https:\/\/markos.rs\/?post_type=product&#038;p=4817"},"modified":"2021-11-08T19:35:37","modified_gmt":"2021-11-08T19:35:37","slug":"jakna-ls2-bond-man-crna","status":"publish","type":"product","link":"https:\/\/markos.rs\/index.php\/product\/jakna-ls2-bond-man-crna\/","title":{"rendered":"Jakna LS2 Bond Man crna"},"content":{"rendered":"","protected":false},"excerpt":{"rendered":"<p>LS2 Bonda spaja najbolje iz dva sveta &#8211; Vintage dizajn i moderni materijali i tehnologija izrade. Kombinacija pamuka i poliestera pru\u017ea savr\u0161enu udobnost, dok vodootporna postava omogu\u0107ava vo\u017enju u svim uslovima. <\/p>\n","protected":false},"featured_media":4818,"template":"","meta":{"slim_seo":[]},"pwb-brand":[],"product_brand":[],"product_cat":[322],"product_tag":[],"class_list":{"0":"post-4817","1":"product","2":"type-product","3":"status-publish","4":"has-post-thumbnail","6":"product_cat-muske-jakne","7":"pa_dodaci-podesiva-sirina-rukava","8":"pa_dodaci-podesiva-sirina-struka","9":"pa_dodaci-podesivo-zatvaranje-na-kragni","10":"pa_dodaci-priprema-za-pantalone","11":"pa_dodaci-vodootporna-postava","12":"pa_dodaci-vodootporni-dzepovi","13":"pa_mat-poliester-ripstop","14":"pa_protekt-lakt","15":"pa_protekt-ledja","16":"pa_protekt-ram","17":"pa_vel-l","18":"pa_vel-xl","20":"first","21":"instock","22":"shipping-taxable","23":"purchasable","24":"product-type-variable"},"brands":[],"_links":{"self":[{"href":"https:\/\/markos.rs\/index.php\/wp-json\/wp\/v2\/product\/4817","targetHints":{"allow":["GET"]}}],"collection":[{"href":"https:\/\/markos.rs\/index.php\/wp-json\/wp\/v2\/product"}],"about":[{"href":"https:\/\/markos.rs\/index.php\/wp-json\/wp\/v2\/types\/product"}],"wp:featuredmedia":[{"embeddable":true,"href":"https:\/\/markos.rs\/index.php\/wp-json\/wp\/v2\/media\/4818"}],"wp:attachment":[{"href":"https:\/\/markos.rs\/index.php\/wp-json\/wp\/v2\/media?parent=4817"}],"wp:term":[{"taxonomy":"pwb-brand","embeddable":true,"href":"https:\/\/markos.rs\/index.php\/wp-json\/wp\/v2\/pwb-brand?post=4817"},{"taxonomy":"product_brand","embeddable":true,"href":"https:\/\/markos.rs\/index.php\/wp-json\/wp\/v2\/product_brand?post=4817"},{"taxonomy":"product_cat","embeddable":true,"href":"https:\/\/markos.rs\/index.php\/wp-json\/wp\/v2\/product_cat?post=4817"},{"taxonomy":"product_tag","embeddable":true,"href":"https:\/\/markos.rs\/index.php\/wp-json\/wp\/v2\/product_tag?post=4817"}],"curies":[{"name":"wp","href":"https:\/\/api.w.org\/{rel}","templated":true}]}}