{"id":4830,"date":"2021-11-08T20:19:10","date_gmt":"2021-11-08T20:19:10","guid":{"rendered":"https:\/\/markos.rs\/?post_type=product&#038;p=4830"},"modified":"2021-11-08T20:19:10","modified_gmt":"2021-11-08T20:19:10","slug":"koferi-kappa-kgr33-garda","status":"publish","type":"product","link":"https:\/\/markos.rs\/index.php\/product\/koferi-kappa-kgr33-garda\/","title":{"rendered":"Koferi Kappa KGR33 Garda"},"content":{"rendered":"","protected":false},"excerpt":{"rendered":"<p>MONOKEY\u00ae kofer zapremine 33 litara sa oplatom u boji aluminijuma na poklopcu.<\/p>\n<p>KGR33 nudi inovativni dizajn i veliku funkcionalnost. Mo\u017ee se koristit kao gornji ili kao bo\u010dni kofer.  Izra\u0111en od fiberglasa oja\u010danim technopolymer bazom.<\/p>\n<p>-mogu\u0107nost pakovanja Full Face ili Flip Up kacige<br \/>\n-vodootporan<br \/>\n-plo\u010da za monta\u017eu ne dolazi uz kofer<\/p>\n","protected":false},"featured_media":4833,"template":"","meta":{"slim_seo":[]},"pwb-brand":[],"product_brand":[],"product_cat":[437],"product_tag":[],"class_list":{"0":"post-4830","1":"product","2":"type-product","3":"status-publish","4":"has-post-thumbnail","6":"product_cat-bocni-koferi","7":"pa_dimenzije-533-x-42-x-234-cm","8":"pa_kacenje-monokey","9":"pa_maks-nosivost-10-kg","10":"pa_mat-ojacani-fiberglas-tehnopolimer","11":"pa_zapremina-444","13":"first","14":"onbackorder","15":"shipping-taxable","16":"purchasable","17":"product-type-simple"},"brands":[],"_links":{"self":[{"href":"https:\/\/markos.rs\/index.php\/wp-json\/wp\/v2\/product\/4830","targetHints":{"allow":["GET"]}}],"collection":[{"href":"https:\/\/markos.rs\/index.php\/wp-json\/wp\/v2\/product"}],"about":[{"href":"https:\/\/markos.rs\/index.php\/wp-json\/wp\/v2\/types\/product"}],"wp:featuredmedia":[{"embeddable":true,"href":"https:\/\/markos.rs\/index.php\/wp-json\/wp\/v2\/media\/4833"}],"wp:attachment":[{"href":"https:\/\/markos.rs\/index.php\/wp-json\/wp\/v2\/media?parent=4830"}],"wp:term":[{"taxonomy":"pwb-brand","embeddable":true,"href":"https:\/\/markos.rs\/index.php\/wp-json\/wp\/v2\/pwb-brand?post=4830"},{"taxonomy":"product_brand","embeddable":true,"href":"https:\/\/markos.rs\/index.php\/wp-json\/wp\/v2\/product_brand?post=4830"},{"taxonomy":"product_cat","embeddable":true,"href":"https:\/\/markos.rs\/index.php\/wp-json\/wp\/v2\/product_cat?post=4830"},{"taxonomy":"product_tag","embeddable":true,"href":"https:\/\/markos.rs\/index.php\/wp-json\/wp\/v2\/product_tag?post=4830"}],"curies":[{"name":"wp","href":"https:\/\/api.w.org\/{rel}","templated":true}]}}