{"id":4843,"date":"2022-01-04T11:41:46","date_gmt":"2022-01-04T11:41:46","guid":{"rendered":"https:\/\/markos.rs\/?post_type=product&#038;p=4843"},"modified":"2022-01-04T11:41:46","modified_gmt":"2022-01-04T11:41:46","slug":"jakna-ls2-dart-man-crna","status":"publish","type":"product","link":"https:\/\/markos.rs\/index.php\/product\/jakna-ls2-dart-man-crna\/","title":{"rendered":"Jakna LS2 Dart Man crna"},"content":{"rendered":"","protected":false},"excerpt":{"rendered":"<p>Jedna jakna koja ispunjava sve uslove! LS2 Dart je izra\u0111ena od veoma prijatnog Mesh materijala koji \u0107e u toplim uslovima u\u010diniti vo\u017enju vrlo prijatnom. S druge strane, kada temperatura padne ili vas uhvati ki\u0161a, jednostavno ubacite jednu, ili obe, postave koje se dobijaju uz ovu jaknu i ose\u0107a\u0107ete se jednako prijatno. Poliesterska postava za ki\u0161u je potpuno neporpusna, dok \u0107e termalna pamu\u010dna postava odr\u017eavati temperaturu ispod jakne savr\u0161enom.  <\/p>\n","protected":false},"featured_media":4844,"template":"","meta":{"slim_seo":[]},"pwb-brand":[],"product_brand":[],"product_cat":[322],"product_tag":[],"class_list":{"0":"post-4843","1":"product","2":"type-product","3":"status-publish","4":"has-post-thumbnail","6":"product_cat-muske-jakne","7":"pa_dodaci-pamucna-termo-postava","8":"pa_dodaci-podesiva-sirina-rukava","9":"pa_dodaci-podesiva-sirina-struka","10":"pa_dodaci-podesivo-zatvaranje-na-kragni","11":"pa_dodaci-priprema-za-pantalone","12":"pa_dodaci-refl-traka","13":"pa_dodaci-vodootporna-postava","14":"pa_dodaci-vodootporni-dzepovi","15":"pa_mat-mesh","16":"pa_mat-poliester-ripstop","17":"pa_protekt-lakt","18":"pa_protekt-ledja","19":"pa_protekt-ram","20":"pa_vel-l","21":"pa_vel-xl","22":"pa_vel-xxl","23":"pa_vel-xxxl","25":"first","26":"instock","27":"shipping-taxable","28":"purchasable","29":"product-type-variable"},"brands":[],"_links":{"self":[{"href":"https:\/\/markos.rs\/index.php\/wp-json\/wp\/v2\/product\/4843","targetHints":{"allow":["GET"]}}],"collection":[{"href":"https:\/\/markos.rs\/index.php\/wp-json\/wp\/v2\/product"}],"about":[{"href":"https:\/\/markos.rs\/index.php\/wp-json\/wp\/v2\/types\/product"}],"wp:featuredmedia":[{"embeddable":true,"href":"https:\/\/markos.rs\/index.php\/wp-json\/wp\/v2\/media\/4844"}],"wp:attachment":[{"href":"https:\/\/markos.rs\/index.php\/wp-json\/wp\/v2\/media?parent=4843"}],"wp:term":[{"taxonomy":"pwb-brand","embeddable":true,"href":"https:\/\/markos.rs\/index.php\/wp-json\/wp\/v2\/pwb-brand?post=4843"},{"taxonomy":"product_brand","embeddable":true,"href":"https:\/\/markos.rs\/index.php\/wp-json\/wp\/v2\/product_brand?post=4843"},{"taxonomy":"product_cat","embeddable":true,"href":"https:\/\/markos.rs\/index.php\/wp-json\/wp\/v2\/product_cat?post=4843"},{"taxonomy":"product_tag","embeddable":true,"href":"https:\/\/markos.rs\/index.php\/wp-json\/wp\/v2\/product_tag?post=4843"}],"curies":[{"name":"wp","href":"https:\/\/api.w.org\/{rel}","templated":true}]}}