{"id":5228,"date":"2023-03-19T19:51:01","date_gmt":"2023-03-19T19:51:01","guid":{"rendered":"https:\/\/markos.rs\/?post_type=product&#038;p=5228"},"modified":"2024-03-02T22:05:23","modified_gmt":"2024-03-02T22:05:23","slug":"kaciga-ls2-of562-airflow-jet-sjajno-crna","status":"publish","type":"product","link":"https:\/\/markos.rs\/index.php\/product\/kaciga-ls2-of562-airflow-jet-sjajno-crna\/","title":{"rendered":"Kaciga LS2 OF562 Airflow Jet Sjajno Crna"},"content":{"rendered":"","protected":false},"excerpt":{"rendered":"<p>LS2 AIRFLOW OF562<br \/>\nProvereno najbolja kaciga za urbanu vo\u017enju. Lako\u0107a i sigurnost karakteri\u0161u ovu kacigu, kao i moderan dizajn zbog kojeg svi ostaju bez daha.<br \/>\nOPIS<br \/>\n&#8211; 1 veli\u010dina \u0161koljke<br \/>\n&#8211; Ovalan oblik<br \/>\n&#8211; HPTT : Tehnologija ubrizgavanja plastike pod visokim pritiskom.<br \/>\n-Sertifikovana ECE 22.05. Te\u017eina 950 (+-50) Grama<br \/>\nVIZIR<br \/>\nVizir \u201cA klase\u201d &#8211; Napravljen je od 3D Opti\u010dki proverenog Polikarbonata A-klase koji garantuje opti\u010dki neiskrivljen pogled na okolinu.Ujedno je otporan na ogrebotine i poseduje UV za\u0161titu.<br \/>\n&#8211; Laka Zamena Vizira<br \/>\n&#8211; Otpornost na Ogrebotine<br \/>\n&#8211; Otpornost na UV Zra\u010denje<br \/>\nKOMFORT<br \/>\n&#8211; Lako Odr\u017eavanje (Mogu\u0107nost skidanja i pranja postave.)<br \/>\n&#8211; Prozra\u010dna (Posebno konstruisani kanali za ventilaciju obezbe\u0111uju ravnomeran protok vazduha pri no\u0161enju kacige.)<br \/>\n&#8211; Antibakterijska Postava ( LS2 koristi hipoalergenske tkanine koje spre\u010davaju stvaranje vlage i bakterija u kacigi. )<br \/>\nZA\u0160TITA<br \/>\nDa biste osigurali dobru za\u0161titu, kaciga mora savr\u0161eno da prijanja na va\u0161u glavu, posebnu pa\u017enju treba posvetiti obliku unutra\u0161nje i spolja\u0161nje \u0161koljke kacige.<br \/>\n&#8211; Oja\u010dana Traka za Bradu<br \/>\n&#8211; Brza Kop\u010da ( Rebrasti jezi\u010dak gurnuti u metalnu kop\u010du dok se ne \u010duje lagan zvuk \u201eklik\u201c. Za otpu\u0161tanje povu\u0107i traku na ru\u010dici.)<br \/>\n&#8211; Multi EPS Slojevi (Ekspandirani polistiren razli\u010ditih debljina smanjuje pritisak na teme glave.)<br \/>\nVENTILACIJA<br \/>\n&#8211; EPS Postava sa Kanalima (Slu\u017ee za bolju cirkulaciju vazduha kroz kacigu.)<br \/>\n&#8211; Gornja Ventilacija<\/p>\n","protected":false},"featured_media":5226,"template":"","meta":{"slim_seo":[]},"pwb-brand":[487],"product_brand":[],"product_cat":[330],"product_tag":[],"class_list":{"0":"post-5228","1":"product","2":"type-product","3":"status-publish","4":"has-post-thumbnail","6":"pwb-brand-ls2","7":"product_cat-jet-kacige","8":"pa_kopca-brza","9":"pa_mat-hptt","10":"pa_unutra-antibakterijska","11":"pa_vel-l","12":"pa_vel-m","13":"pa_vel-xl","14":"pa_vel-xs","15":"pa_vel-xxl","17":"first","18":"instock","19":"shipping-taxable","20":"purchasable","21":"product-type-variable"},"brands":[{"id":487,"name":"LS2","slug":"ls2"}],"_links":{"self":[{"href":"https:\/\/markos.rs\/index.php\/wp-json\/wp\/v2\/product\/5228","targetHints":{"allow":["GET"]}}],"collection":[{"href":"https:\/\/markos.rs\/index.php\/wp-json\/wp\/v2\/product"}],"about":[{"href":"https:\/\/markos.rs\/index.php\/wp-json\/wp\/v2\/types\/product"}],"wp:featuredmedia":[{"embeddable":true,"href":"https:\/\/markos.rs\/index.php\/wp-json\/wp\/v2\/media\/5226"}],"wp:attachment":[{"href":"https:\/\/markos.rs\/index.php\/wp-json\/wp\/v2\/media?parent=5228"}],"wp:term":[{"taxonomy":"pwb-brand","embeddable":true,"href":"https:\/\/markos.rs\/index.php\/wp-json\/wp\/v2\/pwb-brand?post=5228"},{"taxonomy":"product_brand","embeddable":true,"href":"https:\/\/markos.rs\/index.php\/wp-json\/wp\/v2\/product_brand?post=5228"},{"taxonomy":"product_cat","embeddable":true,"href":"https:\/\/markos.rs\/index.php\/wp-json\/wp\/v2\/product_cat?post=5228"},{"taxonomy":"product_tag","embeddable":true,"href":"https:\/\/markos.rs\/index.php\/wp-json\/wp\/v2\/product_tag?post=5228"}],"curies":[{"name":"wp","href":"https:\/\/api.w.org\/{rel}","templated":true}]}}