{"id":5362,"date":"2023-03-20T19:42:33","date_gmt":"2023-03-20T19:42:33","guid":{"rendered":"https:\/\/markos.rs\/?post_type=product&#038;p=5362"},"modified":"2025-03-05T20:12:40","modified_gmt":"2025-03-05T20:12:40","slug":"kaciga-ls2-mx436-pioneer-evo-mat-crna-sa-naocarima","status":"publish","type":"product","link":"https:\/\/markos.rs\/index.php\/product\/kaciga-ls2-mx436-pioneer-evo-mat-crna-sa-naocarima\/","title":{"rendered":"Kaciga LS2 MX436 Pioneer Evo mat crna sa naocarima"},"content":{"rendered":"","protected":false},"excerpt":{"rendered":"<p>Namenjena voza\u010dima Adventure motocikala, LS2 Pioneer postavlja standarde u klasi. Ventilacija sa velikim protokom vazduha odr\u017eava temperaturu na optimalnom nivou, dok hiperalergenska, vadiva unutra\u0161njost osigurava udobnost na zavidnom nivou. Vizir je otopran na grebanje kao i na UV zra\u010denje, sa pripremom za Pinlock. Pored toga, ugra\u0111ene sun\u010dane nao\u010dare dozvoljavaju vo\u017enju u svim vremenskim uslovima.<\/p>\n","protected":false},"featured_media":4151,"template":"","meta":{"slim_seo":[]},"pwb-brand":[487],"product_brand":[],"product_cat":[332],"product_tag":[],"class_list":{"0":"post-5362","1":"product","2":"type-product","3":"status-publish","4":"has-post-thumbnail","6":"pwb-brand-ls2","7":"product_cat-off-road-kacige","8":"pa_dodaci-cel-jez","9":"pa_dodaci-sunc-nao","10":"pa_dodaci-pinlock","11":"pa_dodaci-pripre-nao","12":"pa_dodaci-hitno-otpustanje","13":"pa_dodaci-usmerivac","14":"pa_dodaci-zavesica","15":"pa_kopca-brza","16":"pa_mat-kpa","17":"pa_unutra-antibakterijska","18":"pa_unutra-hiperalergenska","19":"pa_unutra-vadiva","20":"pa_vel-l","21":"pa_vel-m","22":"pa_vel-s","23":"pa_vel-xl","24":"pa_vel-xxl","25":"pa_vel-xxxl","27":"first","28":"outofstock","29":"shipping-taxable","30":"purchasable","31":"product-type-variable"},"brands":[{"id":487,"name":"LS2","slug":"ls2"}],"_links":{"self":[{"href":"https:\/\/markos.rs\/index.php\/wp-json\/wp\/v2\/product\/5362","targetHints":{"allow":["GET"]}}],"collection":[{"href":"https:\/\/markos.rs\/index.php\/wp-json\/wp\/v2\/product"}],"about":[{"href":"https:\/\/markos.rs\/index.php\/wp-json\/wp\/v2\/types\/product"}],"wp:featuredmedia":[{"embeddable":true,"href":"https:\/\/markos.rs\/index.php\/wp-json\/wp\/v2\/media\/4151"}],"wp:attachment":[{"href":"https:\/\/markos.rs\/index.php\/wp-json\/wp\/v2\/media?parent=5362"}],"wp:term":[{"taxonomy":"pwb-brand","embeddable":true,"href":"https:\/\/markos.rs\/index.php\/wp-json\/wp\/v2\/pwb-brand?post=5362"},{"taxonomy":"product_brand","embeddable":true,"href":"https:\/\/markos.rs\/index.php\/wp-json\/wp\/v2\/product_brand?post=5362"},{"taxonomy":"product_cat","embeddable":true,"href":"https:\/\/markos.rs\/index.php\/wp-json\/wp\/v2\/product_cat?post=5362"},{"taxonomy":"product_tag","embeddable":true,"href":"https:\/\/markos.rs\/index.php\/wp-json\/wp\/v2\/product_tag?post=5362"}],"curies":[{"name":"wp","href":"https:\/\/api.w.org\/{rel}","templated":true}]}}