{"id":5392,"date":"2023-03-20T20:34:30","date_gmt":"2023-03-20T20:34:30","guid":{"rendered":"https:\/\/markos.rs\/?post_type=product&#038;p=5392"},"modified":"2025-03-05T20:07:17","modified_gmt":"2025-03-05T20:07:17","slug":"kaciga-ls2-mx437-fast-evo-xcode","status":"publish","type":"product","link":"https:\/\/markos.rs\/index.php\/product\/kaciga-ls2-mx437-fast-evo-xcode\/","title":{"rendered":"Kaciga LS2 MX437 Fast EVO XCODE"},"content":{"rendered":"","protected":false},"excerpt":{"rendered":"<p>Namenjena svim offroad voza\u010dima, bili po\u010detnik ili strastveni \u201ckrosista\u201d, ova veoma lagana i prakti\u010dna kaciga zadovolji\u0107e sve va\u0161e potrebe. \u0160iroko vidno polje omugu\u0107ava no\u0161enje svih kros nao\u010dara.<\/p>\n","protected":false},"featured_media":5397,"template":"","meta":{"slim_seo":[]},"pwb-brand":[487],"product_brand":[],"product_cat":[332],"product_tag":[],"class_list":{"0":"post-5392","1":"product","2":"type-product","3":"status-publish","4":"has-post-thumbnail","6":"pwb-brand-ls2","7":"product_cat-off-road-kacige","8":"pa_dodaci-hitno-otpustanje","9":"pa_dodaci-stit-vrat","10":"pa_kopca-dupla-d","11":"pa_mat-kpa","12":"pa_unutra-antibakterijska","13":"pa_unutra-hiperalergenska","14":"pa_unutra-vadiva","15":"pa_vel-l","16":"pa_vel-m","17":"pa_vel-xl","18":"pa_vel-xxl","19":"pa_vel-xxxl","21":"first","22":"outofstock","23":"shipping-taxable","24":"purchasable","25":"product-type-variable"},"brands":[{"id":487,"name":"LS2","slug":"ls2"}],"_links":{"self":[{"href":"https:\/\/markos.rs\/index.php\/wp-json\/wp\/v2\/product\/5392","targetHints":{"allow":["GET"]}}],"collection":[{"href":"https:\/\/markos.rs\/index.php\/wp-json\/wp\/v2\/product"}],"about":[{"href":"https:\/\/markos.rs\/index.php\/wp-json\/wp\/v2\/types\/product"}],"wp:featuredmedia":[{"embeddable":true,"href":"https:\/\/markos.rs\/index.php\/wp-json\/wp\/v2\/media\/5397"}],"wp:attachment":[{"href":"https:\/\/markos.rs\/index.php\/wp-json\/wp\/v2\/media?parent=5392"}],"wp:term":[{"taxonomy":"pwb-brand","embeddable":true,"href":"https:\/\/markos.rs\/index.php\/wp-json\/wp\/v2\/pwb-brand?post=5392"},{"taxonomy":"product_brand","embeddable":true,"href":"https:\/\/markos.rs\/index.php\/wp-json\/wp\/v2\/product_brand?post=5392"},{"taxonomy":"product_cat","embeddable":true,"href":"https:\/\/markos.rs\/index.php\/wp-json\/wp\/v2\/product_cat?post=5392"},{"taxonomy":"product_tag","embeddable":true,"href":"https:\/\/markos.rs\/index.php\/wp-json\/wp\/v2\/product_tag?post=5392"}],"curies":[{"name":"wp","href":"https:\/\/api.w.org\/{rel}","templated":true}]}}