{"id":6976,"date":"2024-03-19T20:31:34","date_gmt":"2024-03-19T20:31:34","guid":{"rendered":"https:\/\/markos.rs\/?post_type=product&#038;p=6976"},"modified":"2025-03-05T20:01:48","modified_gmt":"2025-03-05T20:01:48","slug":"kominikator-interphone-connect-duopack","status":"publish","type":"product","link":"https:\/\/markos.rs\/index.php\/product\/kominikator-interphone-connect-duopack\/","title":{"rendered":"Kominikator Interphone Connect DuoPack"},"content":{"rendered":"<p>Interphone Connect je savr\u0161en za razgovor sa drugim voza\u010dom.<br \/>\nDomet od 300 metara i visok kvalitet zvuka \u010dine ga pouzdanim u svim uslovima vo\u017enje. Ovaj interfon je idealan za putovanja u paru i odli\u010dan je asistent za voza\u010da.<br \/>\nPoma\u017ee vam da upravljate dolaznim pozivima, slu\u0161ate muziku ili radio, pove\u017eete ga preko Bluetooth\u00ae-a sa aplikacijom za Android ili iOS i slu\u0161ate glasovna uputstva GPS navigatora.<br \/>\nBaterija traje do 15 sati!<br \/>\nKrenite sa Interphone Connect na taj put o kome ste oduvek sanjali!<\/p>\n","protected":false},"excerpt":{"rendered":"<p>Interphone Connect je savr\u0161en za razgovor sa drugim voza\u010dom. Domet od 300 metara i visok kvalitet zvuka \u010dine ga pouzdanim u svim uslovima vo\u017enje. Ovaj interfon je idealan za putovanja u paru i odli\u010dan je asistent za voza\u010da. Poma\u017ee vam da upravljate dolaznim pozivima, slu\u0161ate muziku ili radio, pove\u017eete ga preko Bluetooth\u00ae-a sa aplikacijom za [&hellip;]<\/p>\n","protected":false},"featured_media":6977,"template":"","meta":{"slim_seo":[]},"pwb-brand":[492],"product_brand":[],"product_cat":[351],"product_tag":[],"class_list":{"0":"post-6976","1":"product","2":"type-product","3":"status-publish","4":"has-post-thumbnail","6":"pwb-brand-interphone","7":"product_cat-komunikacije","9":"first","10":"outofstock","11":"shipping-taxable","12":"purchasable","13":"product-type-simple"},"brands":[{"id":492,"name":"INTERPHONE","slug":"interphone"}],"_links":{"self":[{"href":"https:\/\/markos.rs\/index.php\/wp-json\/wp\/v2\/product\/6976","targetHints":{"allow":["GET"]}}],"collection":[{"href":"https:\/\/markos.rs\/index.php\/wp-json\/wp\/v2\/product"}],"about":[{"href":"https:\/\/markos.rs\/index.php\/wp-json\/wp\/v2\/types\/product"}],"wp:featuredmedia":[{"embeddable":true,"href":"https:\/\/markos.rs\/index.php\/wp-json\/wp\/v2\/media\/6977"}],"wp:attachment":[{"href":"https:\/\/markos.rs\/index.php\/wp-json\/wp\/v2\/media?parent=6976"}],"wp:term":[{"taxonomy":"pwb-brand","embeddable":true,"href":"https:\/\/markos.rs\/index.php\/wp-json\/wp\/v2\/pwb-brand?post=6976"},{"taxonomy":"product_brand","embeddable":true,"href":"https:\/\/markos.rs\/index.php\/wp-json\/wp\/v2\/product_brand?post=6976"},{"taxonomy":"product_cat","embeddable":true,"href":"https:\/\/markos.rs\/index.php\/wp-json\/wp\/v2\/product_cat?post=6976"},{"taxonomy":"product_tag","embeddable":true,"href":"https:\/\/markos.rs\/index.php\/wp-json\/wp\/v2\/product_tag?post=6976"}],"curies":[{"name":"wp","href":"https:\/\/api.w.org\/{rel}","templated":true}]}}