{"id":6987,"date":"2024-03-19T21:05:14","date_gmt":"2024-03-19T21:05:14","guid":{"rendered":"https:\/\/markos.rs\/?post_type=product&#038;p=6987"},"modified":"2024-03-19T21:06:47","modified_gmt":"2024-03-19T21:06:47","slug":"kominikator-interphone-shape-duopack","status":"publish","type":"product","link":"https:\/\/markos.rs\/index.php\/product\/kominikator-interphone-shape-duopack\/","title":{"rendered":"Kominikator Interphone Shape DuoPack"},"content":{"rendered":"<p>Interphone Shape je savr\u0161en za povezivanje voza\u010da i suvoza\u010da: radi u dometu od 10 metara i njegova baterija ima 12-\u010dasovnu autonomiju. Kompatibilan je sa drugim interfonima za motocikle i sa poznatijim Bluetooth\u00ae navigacijama na tr\u017ei\u0161tu, Shape je odli\u010dan pomoc\u0301nik na putovanju. Poma\u017ee vam da upravljate pozivima zahvaljujuc\u0301i glasovnim komandama, ima usmeren mikrofon otporan na vetar i mo\u017eete da delite pesme sa suvoza\u010dom slu\u0161ajuc\u0301i muziku koju imate na svom pametnom telefonu.<\/p>\n","protected":false},"excerpt":{"rendered":"<p>Interphone Shape je savr\u0161en za povezivanje voza\u010da i suvoza\u010da: radi u dometu od 10 metara i njegova baterija ima 12-\u010dasovnu autonomiju. Kompatibilan je sa drugim interfonima za motocikle i sa poznatijim Bluetooth\u00ae navigacijama na tr\u017ei\u0161tu, Shape je odli\u010dan pomoc\u0301nik na putovanju. Poma\u017ee vam da upravljate pozivima zahvaljujuc\u0301i glasovnim komandama, ima usmeren mikrofon otporan na vetar [&hellip;]<\/p>\n","protected":false},"featured_media":6988,"template":"","meta":{"slim_seo":[]},"pwb-brand":[492],"product_brand":[],"product_cat":[351],"product_tag":[],"class_list":{"0":"post-6987","1":"product","2":"type-product","3":"status-publish","4":"has-post-thumbnail","6":"pwb-brand-interphone","7":"product_cat-komunikacije","9":"first","10":"instock","11":"shipping-taxable","12":"purchasable","13":"product-type-simple"},"brands":[{"id":492,"name":"INTERPHONE","slug":"interphone"}],"_links":{"self":[{"href":"https:\/\/markos.rs\/index.php\/wp-json\/wp\/v2\/product\/6987","targetHints":{"allow":["GET"]}}],"collection":[{"href":"https:\/\/markos.rs\/index.php\/wp-json\/wp\/v2\/product"}],"about":[{"href":"https:\/\/markos.rs\/index.php\/wp-json\/wp\/v2\/types\/product"}],"wp:featuredmedia":[{"embeddable":true,"href":"https:\/\/markos.rs\/index.php\/wp-json\/wp\/v2\/media\/6988"}],"wp:attachment":[{"href":"https:\/\/markos.rs\/index.php\/wp-json\/wp\/v2\/media?parent=6987"}],"wp:term":[{"taxonomy":"pwb-brand","embeddable":true,"href":"https:\/\/markos.rs\/index.php\/wp-json\/wp\/v2\/pwb-brand?post=6987"},{"taxonomy":"product_brand","embeddable":true,"href":"https:\/\/markos.rs\/index.php\/wp-json\/wp\/v2\/product_brand?post=6987"},{"taxonomy":"product_cat","embeddable":true,"href":"https:\/\/markos.rs\/index.php\/wp-json\/wp\/v2\/product_cat?post=6987"},{"taxonomy":"product_tag","embeddable":true,"href":"https:\/\/markos.rs\/index.php\/wp-json\/wp\/v2\/product_tag?post=6987"}],"curies":[{"name":"wp","href":"https:\/\/api.w.org\/{rel}","templated":true}]}}