{"id":6990,"date":"2024-03-19T21:08:12","date_gmt":"2024-03-19T21:08:12","guid":{"rendered":"https:\/\/markos.rs\/?post_type=product&#038;p=6990"},"modified":"2024-03-19T21:09:40","modified_gmt":"2024-03-19T21:09:40","slug":"komunikator-interphone-active-duopack","status":"publish","type":"product","link":"https:\/\/markos.rs\/index.php\/product\/komunikator-interphone-active-duopack\/","title":{"rendered":"Komunikator Interphone Active DuoPack"},"content":{"rendered":"<p>Sa Interphone Active mo\u017eete da komunicirate sa 4 motociklista na udaljenosti od 1 km, navigacijom pomoc\u0301u GPS-a i slu\u0161anjem muzike ili jedne od 8 memorisanih radio stanica. Stavite kacigu i po\u0111ite sa prijateljima, u\u017eivajuc\u0301i u putovanju bez brige.<br \/>\nInterphone Active ima bateriju koja traje do 20 sati, automatsko pode\u0161avanje ja\u010dine zvuka, aplikaciju za kontrolu interfona sa pametnog telefona, usmeren mikrofon i poni\u0161tavanje buke vetra. \u0160tavi\u0161e, kompatibilan je sa glavnim Bluetooth\u00ae navigatorima za motocikle. Interphone Active je aktivan, kao i vi: zajedno c\u0301ete sti\u0107i daleko!<\/p>\n","protected":false},"excerpt":{"rendered":"<p>Sa Interphone Active mo\u017eete da komunicirate sa 4 motociklista na udaljenosti od 1 km, navigacijom pomoc\u0301u GPS-a i slu\u0161anjem muzike ili jedne od 8 memorisanih radio stanica. Stavite kacigu i po\u0111ite sa prijateljima, u\u017eivajuc\u0301i u putovanju bez brige. Interphone Active ima bateriju koja traje do 20 sati, automatsko pode\u0161avanje ja\u010dine zvuka, aplikaciju za kontrolu interfona [&hellip;]<\/p>\n","protected":false},"featured_media":6991,"template":"","meta":{"slim_seo":[]},"pwb-brand":[492],"product_brand":[],"product_cat":[351],"product_tag":[],"class_list":{"0":"post-6990","1":"product","2":"type-product","3":"status-publish","4":"has-post-thumbnail","6":"pwb-brand-interphone","7":"product_cat-komunikacije","9":"first","10":"instock","11":"shipping-taxable","12":"purchasable","13":"product-type-simple"},"brands":[{"id":492,"name":"INTERPHONE","slug":"interphone"}],"_links":{"self":[{"href":"https:\/\/markos.rs\/index.php\/wp-json\/wp\/v2\/product\/6990","targetHints":{"allow":["GET"]}}],"collection":[{"href":"https:\/\/markos.rs\/index.php\/wp-json\/wp\/v2\/product"}],"about":[{"href":"https:\/\/markos.rs\/index.php\/wp-json\/wp\/v2\/types\/product"}],"wp:featuredmedia":[{"embeddable":true,"href":"https:\/\/markos.rs\/index.php\/wp-json\/wp\/v2\/media\/6991"}],"wp:attachment":[{"href":"https:\/\/markos.rs\/index.php\/wp-json\/wp\/v2\/media?parent=6990"}],"wp:term":[{"taxonomy":"pwb-brand","embeddable":true,"href":"https:\/\/markos.rs\/index.php\/wp-json\/wp\/v2\/pwb-brand?post=6990"},{"taxonomy":"product_brand","embeddable":true,"href":"https:\/\/markos.rs\/index.php\/wp-json\/wp\/v2\/product_brand?post=6990"},{"taxonomy":"product_cat","embeddable":true,"href":"https:\/\/markos.rs\/index.php\/wp-json\/wp\/v2\/product_cat?post=6990"},{"taxonomy":"product_tag","embeddable":true,"href":"https:\/\/markos.rs\/index.php\/wp-json\/wp\/v2\/product_tag?post=6990"}],"curies":[{"name":"wp","href":"https:\/\/api.w.org\/{rel}","templated":true}]}}