{"id":6993,"date":"2024-03-19T21:12:59","date_gmt":"2024-03-19T21:12:59","guid":{"rendered":"https:\/\/markos.rs\/?post_type=product&#038;p=6993"},"modified":"2025-03-05T19:56:06","modified_gmt":"2025-03-05T19:56:06","slug":"komunikator-interphone-u-com-3","status":"publish","type":"product","link":"https:\/\/markos.rs\/index.php\/product\/komunikator-interphone-u-com-3\/","title":{"rendered":"Komunikator Interphone U-COM 3"},"content":{"rendered":"<p>U-com 3 je interfon za opremljen Bluetooth\u00ae 5.1 tehnologijom smanjenih dimenzija i integrisanom baterijom, potpuno kompatibilan sa originalnim OEM sistemima instaliranim na kacigama i sa vec\u0301inom interfona drugih brendova na tr\u017ei\u0161tu.<br \/>\nOvaj model vam omoguc\u0301ava da komunicirate sa putnikom ili drugim motociklom na maksimalnoj udaljenosti od 500m.<br \/>\nZahvaljujuc\u0301i novoj namenskoj aplikaciji &#8211; vi\u0161ejezi\u010dnoj, jednostavnoj i intuitivnoj &#8211; mo\u017eete maksimalno iskoristiti potencijal svog novog interfona i prilagoditi ga do maksimuma.<br \/>\nU-com 3 je tako\u0111e opremljen sa 32 mm HD zvu\u010dnicima sa visokim kvalitetom basa, za slu\u0161anje va\u0161e omiljene muzike, uklju\u010dujuc\u0301i pozadini tokom razgovora.<\/p>\n","protected":false},"excerpt":{"rendered":"<p>U-com 3 je interfon za opremljen Bluetooth\u00ae 5.1 tehnologijom smanjenih dimenzija i integrisanom baterijom, potpuno kompatibilan sa originalnim OEM sistemima instaliranim na kacigama i sa vec\u0301inom interfona drugih brendova na tr\u017ei\u0161tu. Ovaj model vam omoguc\u0301ava da komunicirate sa putnikom ili drugim motociklom na maksimalnoj udaljenosti od 500m. Zahvaljujuc\u0301i novoj namenskoj aplikaciji &#8211; vi\u0161ejezi\u010dnoj, jednostavnoj i [&hellip;]<\/p>\n","protected":false},"featured_media":6994,"template":"","meta":{"slim_seo":[]},"pwb-brand":[492],"product_brand":[],"product_cat":[351],"product_tag":[],"class_list":{"0":"post-6993","1":"product","2":"type-product","3":"status-publish","4":"has-post-thumbnail","6":"pwb-brand-interphone","7":"product_cat-komunikacije","9":"first","10":"outofstock","11":"shipping-taxable","12":"purchasable","13":"product-type-simple"},"brands":[{"id":492,"name":"INTERPHONE","slug":"interphone"}],"_links":{"self":[{"href":"https:\/\/markos.rs\/index.php\/wp-json\/wp\/v2\/product\/6993","targetHints":{"allow":["GET"]}}],"collection":[{"href":"https:\/\/markos.rs\/index.php\/wp-json\/wp\/v2\/product"}],"about":[{"href":"https:\/\/markos.rs\/index.php\/wp-json\/wp\/v2\/types\/product"}],"wp:featuredmedia":[{"embeddable":true,"href":"https:\/\/markos.rs\/index.php\/wp-json\/wp\/v2\/media\/6994"}],"wp:attachment":[{"href":"https:\/\/markos.rs\/index.php\/wp-json\/wp\/v2\/media?parent=6993"}],"wp:term":[{"taxonomy":"pwb-brand","embeddable":true,"href":"https:\/\/markos.rs\/index.php\/wp-json\/wp\/v2\/pwb-brand?post=6993"},{"taxonomy":"product_brand","embeddable":true,"href":"https:\/\/markos.rs\/index.php\/wp-json\/wp\/v2\/product_brand?post=6993"},{"taxonomy":"product_cat","embeddable":true,"href":"https:\/\/markos.rs\/index.php\/wp-json\/wp\/v2\/product_cat?post=6993"},{"taxonomy":"product_tag","embeddable":true,"href":"https:\/\/markos.rs\/index.php\/wp-json\/wp\/v2\/product_tag?post=6993"}],"curies":[{"name":"wp","href":"https:\/\/api.w.org\/{rel}","templated":true}]}}