{"id":7002,"date":"2024-03-19T21:21:59","date_gmt":"2024-03-19T21:21:59","guid":{"rendered":"https:\/\/markos.rs\/?post_type=product&#038;p=7002"},"modified":"2025-03-05T19:52:33","modified_gmt":"2025-03-05T19:52:33","slug":"komunikator-interphone-u-com-4","status":"publish","type":"product","link":"https:\/\/markos.rs\/index.php\/product\/komunikator-interphone-u-com-4\/","title":{"rendered":"Komunikator Interphone U-COM 4"},"content":{"rendered":"<p>U-com 4 je interfon opremljen Bluetooth 5.0 tehnologijom koji mo\u017ee da garantuje pro\u0161irenu kompatibilnost sa originalnim OEM sistemima instaliranim na kacige i sa vec\u0301inom interfona drugih brendova na tr\u017ei\u0161tu. Napravite grupe do 4 interfona i zaboravite na pote\u0161koc\u0301e u vezi.<br \/>\nU-com 4 tako\u0111e nudi veoma visoke audio performanse zahvaljujuc\u0301i novim 32 mm HD slu\u0161alicama za duboke, impresivne basove dok slu\u0161ate radio ili svoje omiljene liste pesama, uklju\u010dujuc\u0301i I u pozadini tokom razgovora.<br \/>\nZahvaljujuc\u0301i novoj namenskoj aplikaciji &#8211; vi\u0161ejezi\u010dnoj, jednostavnoj i intuitivnoj &#8211; mo\u017eete maksimalno iskoristiti potencijal svog novog interfona i prilagoditi ga do maksimuma. Dostupno za iOS i Android.<\/p>\n","protected":false},"excerpt":{"rendered":"<p>U-com 4 je interfon opremljen Bluetooth 5.0 tehnologijom koji mo\u017ee da garantuje pro\u0161irenu kompatibilnost sa originalnim OEM sistemima instaliranim na kacige i sa vec\u0301inom interfona drugih brendova na tr\u017ei\u0161tu. Napravite grupe do 4 interfona i zaboravite na pote\u0161koc\u0301e u vezi. U-com 4 tako\u0111e nudi veoma visoke audio performanse zahvaljujuc\u0301i novim 32 mm HD slu\u0161alicama za [&hellip;]<\/p>\n","protected":false},"featured_media":7003,"template":"","meta":{"slim_seo":[]},"pwb-brand":[492],"product_brand":[],"product_cat":[351],"product_tag":[],"class_list":{"0":"post-7002","1":"product","2":"type-product","3":"status-publish","4":"has-post-thumbnail","6":"pwb-brand-interphone","7":"product_cat-komunikacije","9":"first","10":"outofstock","11":"shipping-taxable","12":"purchasable","13":"product-type-simple"},"brands":[{"id":492,"name":"INTERPHONE","slug":"interphone"}],"_links":{"self":[{"href":"https:\/\/markos.rs\/index.php\/wp-json\/wp\/v2\/product\/7002","targetHints":{"allow":["GET"]}}],"collection":[{"href":"https:\/\/markos.rs\/index.php\/wp-json\/wp\/v2\/product"}],"about":[{"href":"https:\/\/markos.rs\/index.php\/wp-json\/wp\/v2\/types\/product"}],"wp:featuredmedia":[{"embeddable":true,"href":"https:\/\/markos.rs\/index.php\/wp-json\/wp\/v2\/media\/7003"}],"wp:attachment":[{"href":"https:\/\/markos.rs\/index.php\/wp-json\/wp\/v2\/media?parent=7002"}],"wp:term":[{"taxonomy":"pwb-brand","embeddable":true,"href":"https:\/\/markos.rs\/index.php\/wp-json\/wp\/v2\/pwb-brand?post=7002"},{"taxonomy":"product_brand","embeddable":true,"href":"https:\/\/markos.rs\/index.php\/wp-json\/wp\/v2\/product_brand?post=7002"},{"taxonomy":"product_cat","embeddable":true,"href":"https:\/\/markos.rs\/index.php\/wp-json\/wp\/v2\/product_cat?post=7002"},{"taxonomy":"product_tag","embeddable":true,"href":"https:\/\/markos.rs\/index.php\/wp-json\/wp\/v2\/product_tag?post=7002"}],"curies":[{"name":"wp","href":"https:\/\/api.w.org\/{rel}","templated":true}]}}