{"id":7070,"date":"2024-08-22T14:46:38","date_gmt":"2024-08-22T14:46:38","guid":{"rendered":"https:\/\/markos.rs\/?post_type=product&#038;p=7070"},"modified":"2024-08-22T14:51:47","modified_gmt":"2024-08-22T14:51:47","slug":"honda-cb1100-a","status":"publish","type":"product","link":"https:\/\/markos.rs\/index.php\/product\/honda-cb1100-a\/","title":{"rendered":"Honda CB1100 A"},"content":{"rendered":"","protected":false},"excerpt":{"rendered":"<p>Motor u odli\u010dnom stanju. Bez ikakvih ulaganja.<br \/>\nDobre gume, dobri lanac i lan\u010danici, dobre plo\u010dice. Prilikom prodaje kupac dobija sve\u017ee ulje i filter ulja.<br \/>\nProdaje se na ime kupca. Od tro\u0161kova ostaje samo registracija.<br \/>\nKilometra\u017ea 100% originalna.<\/p>\n","protected":false},"featured_media":7073,"template":"","meta":{"slim_seo":{"title":"Polovni motocikl Honda CB1100 A"}},"pwb-brand":[514],"product_brand":[],"product_cat":[415],"product_tag":[],"class_list":{"0":"post-7070","1":"product","2":"type-product","3":"status-publish","4":"has-post-thumbnail","6":"pwb-brand-honda","7":"product_cat-polovni-motocikli","9":"first","10":"instock","11":"shipping-taxable","12":"purchasable","13":"product-type-simple"},"brands":[{"id":514,"name":"Honda","slug":"honda"}],"_links":{"self":[{"href":"https:\/\/markos.rs\/index.php\/wp-json\/wp\/v2\/product\/7070","targetHints":{"allow":["GET"]}}],"collection":[{"href":"https:\/\/markos.rs\/index.php\/wp-json\/wp\/v2\/product"}],"about":[{"href":"https:\/\/markos.rs\/index.php\/wp-json\/wp\/v2\/types\/product"}],"wp:featuredmedia":[{"embeddable":true,"href":"https:\/\/markos.rs\/index.php\/wp-json\/wp\/v2\/media\/7073"}],"wp:attachment":[{"href":"https:\/\/markos.rs\/index.php\/wp-json\/wp\/v2\/media?parent=7070"}],"wp:term":[{"taxonomy":"pwb-brand","embeddable":true,"href":"https:\/\/markos.rs\/index.php\/wp-json\/wp\/v2\/pwb-brand?post=7070"},{"taxonomy":"product_brand","embeddable":true,"href":"https:\/\/markos.rs\/index.php\/wp-json\/wp\/v2\/product_brand?post=7070"},{"taxonomy":"product_cat","embeddable":true,"href":"https:\/\/markos.rs\/index.php\/wp-json\/wp\/v2\/product_cat?post=7070"},{"taxonomy":"product_tag","embeddable":true,"href":"https:\/\/markos.rs\/index.php\/wp-json\/wp\/v2\/product_tag?post=7070"}],"curies":[{"name":"wp","href":"https:\/\/api.w.org\/{rel}","templated":true}]}}