{"id":7190,"date":"2024-11-22T11:05:22","date_gmt":"2024-11-22T11:05:22","guid":{"rendered":"https:\/\/markos.rs\/?post_type=product&#038;p=7190"},"modified":"2025-03-05T19:45:32","modified_gmt":"2025-03-05T19:45:32","slug":"kaciga-ls2-full-face-ff800-storm-ii-bela-sa-naocarima","status":"publish","type":"product","link":"https:\/\/markos.rs\/index.php\/product\/kaciga-ls2-full-face-ff800-storm-ii-bela-sa-naocarima\/","title":{"rendered":"Kaciga LS2 Full Face FF800 STORM II bela sa nao\u010darima"},"content":{"rendered":"","protected":false},"excerpt":{"rendered":"<p>LS2 STORM FF800<br \/>\nVisoke performanse, savremen i moderan dizajn.<br \/>\nLagana, ali jaka, jednostavna za upotrebu sa duplim portom koji omogu\u0107ava konstantan protok vazduha i neverovatnu ventilaciju.<\/p>\n<p>OPIS<br \/>\n&#8211; 2 veli\u010dine \u0161kolje<br \/>\n&#8211; Ovalan oblik<br \/>\n&#8211; KPA (kineti\u010dka polimerna legura) : je posebno formulisana me\u0161avina polikarbonata, termoplastike i dodatnih materijala od strane LS2 stru\u010dnjaka. Uz malu te\u017einu KPA karakteri\u0161e i visoka otpornost na udarce raspore\u0111uju\u0107i energiju po \u010ditavoj povr\u0161ini \u0161koljke. Ova posebna formula ispunjava zahteve ECE 22.06 i DOT.<\/p>\n<p>VIZIR<br \/>\n&#8211; Vizir \u201cA klase\u201d \u2013 Napravljen je od 3D Opti\u010dki proverenog Polikarbonata A-klase koji garantuje opti\u010dki neiskrivljen pogled na okolinu.Ujedno je otporan na ogrebotine i poseduje UV za\u0161titu.<br \/>\n&#8211; Sun\u010dane Nao\u010dare : Pru\u017eaju za\u0161titu voza\u010du od sun\u010devih zraka. Jednim potezom nao\u010dare se brzo di\u017eu i spu\u0161taju.<br \/>\n&#8211; Priprema za Pinlock : Vizir dolazi sa pripremom za postavljanje Pinlock sistema protiv magljenja.<\/p>\n<p>KOMFORT<br \/>\n&#8211; Zavesica za bradu : Pru\u017ea smanjenje buke od vetra i olak\u0161ano disanje pri ve\u0107im brzinama.<br \/>\n&#8211; Antibakterijska Postava : LS2 koristi hipoalergenske tkanine koje spre\u010davaju stvaranje vlage i bakterija u kacigi.<br \/>\n&#8211; Laserski se\u010dena pena : Pena razli\u010dite gustine se\u010dena pomoc\u0301u 3D laserske tehnologije.<\/p>\n<p>ZA\u0160TITNI SISTEM<br \/>\n&#8211; Da biste osigurali dobru za\u0161titu, kaciga mora savr\u0161eno da prijanja na va\u0161u glavu, posebnu pa\u017enju treba posvetiti obliku unutra\u0161nje i spolja\u0161nje \u0161koljke kacige.<br \/>\n&#8211; Metalna Sigurnosna Plo\u010dica : Metalni trougao sa spoljne strane kacige pri\u010dvr\u0161\u0107uje kai\u0161eve na \u0161koljku, radi dodatne sigurnosti.<br \/>\n&#8211; Reflektivna Traka : Da bi se povec\u0301ala sigurnost voza\u010da noc\u0301u ili u uslovima slabe vidljivosti, za\u0161tita za vrat ima traku koja reflektuje svetlost.<br \/>\n&#8211; Multi EPS Slojevi : Ekspandirani polistiren razli\u010ditih debljina smanjuje pritisak na teme glave.<\/p>\n<p>VENTILACIONI SISTEM<br \/>\n&#8211; Izduvni Kanal<br \/>\n&#8211; Donja Ventilacija<br \/>\n-Gornja Ventilacija<\/p>\n","protected":false},"featured_media":7193,"template":"","meta":{"slim_seo":{"title":"Kaciga LS2 Full Face FF800 STORM II bela sa nao\u010darima - Markos Shop &amp; Servise.title }}","description":"LS2 STORM FF800 Visoke performanse, savremen i moderan dizajn. Lagana, ali jaka, jednostavna za upotrebu sa duplim portom koji omogu\u0107ava konstantan protok vazduha"}},"pwb-brand":[487],"product_brand":[],"product_cat":[329],"product_tag":[483,480,234,481,235,482],"class_list":{"0":"post-7190","1":"product","2":"type-product","3":"status-publish","4":"has-post-thumbnail","6":"pwb-brand-ls2","7":"product_cat-full-face","8":"product_tag-ff800","9":"product_tag-full-face-kaciga","10":"product_tag-kaciga","11":"product_tag-ls2-kaciga","12":"product_tag-moto","13":"product_tag-storm","14":"pa_dodaci-sunc-nao","15":"pa_dodaci-pinlock","16":"pa_dodaci-pripre-nao","17":"pa_dodaci-priprema-pinlock","18":"pa_dodaci-hitno-otpustanje","19":"pa_dodaci-usmerivac","20":"pa_dodaci-zavesica","21":"pa_kopca-brza","22":"pa_mat-hptt","23":"pa_vel-l","24":"pa_vel-m","25":"pa_vel-s","26":"pa_vel-xl","27":"pa_vel-xxl","28":"pa_vel-xxxl","30":"first","31":"instock","32":"shipping-taxable","33":"purchasable","34":"product-type-variable"},"brands":[{"id":487,"name":"LS2","slug":"ls2"}],"_links":{"self":[{"href":"https:\/\/markos.rs\/index.php\/wp-json\/wp\/v2\/product\/7190","targetHints":{"allow":["GET"]}}],"collection":[{"href":"https:\/\/markos.rs\/index.php\/wp-json\/wp\/v2\/product"}],"about":[{"href":"https:\/\/markos.rs\/index.php\/wp-json\/wp\/v2\/types\/product"}],"wp:featuredmedia":[{"embeddable":true,"href":"https:\/\/markos.rs\/index.php\/wp-json\/wp\/v2\/media\/7193"}],"wp:attachment":[{"href":"https:\/\/markos.rs\/index.php\/wp-json\/wp\/v2\/media?parent=7190"}],"wp:term":[{"taxonomy":"pwb-brand","embeddable":true,"href":"https:\/\/markos.rs\/index.php\/wp-json\/wp\/v2\/pwb-brand?post=7190"},{"taxonomy":"product_brand","embeddable":true,"href":"https:\/\/markos.rs\/index.php\/wp-json\/wp\/v2\/product_brand?post=7190"},{"taxonomy":"product_cat","embeddable":true,"href":"https:\/\/markos.rs\/index.php\/wp-json\/wp\/v2\/product_cat?post=7190"},{"taxonomy":"product_tag","embeddable":true,"href":"https:\/\/markos.rs\/index.php\/wp-json\/wp\/v2\/product_tag?post=7190"}],"curies":[{"name":"wp","href":"https:\/\/api.w.org\/{rel}","templated":true}]}}