{"id":7326,"date":"2025-03-05T17:57:31","date_gmt":"2025-03-05T17:57:31","guid":{"rendered":"https:\/\/markos.rs\/?post_type=product&#038;p=7326"},"modified":"2025-03-05T18:50:30","modified_gmt":"2025-03-05T18:50:30","slug":"kaciga-ls2-flip-up-ff901-advant-x-carbon-horizon-hrom-siva-sa-naocarima","status":"publish","type":"product","link":"https:\/\/markos.rs\/index.php\/product\/kaciga-ls2-flip-up-ff901-advant-x-carbon-horizon-hrom-siva-sa-naocarima\/","title":{"rendered":"Kaciga LS2 Flip Up FF901 ADVANT X CARBON HORIZON hrom siva sa nao\u010darima"},"content":{"rendered":"<p>LS2 ADVANT X<br \/>\nNajinovativnija modularna kaciga u LS2 asortimanu sa rotiraju\u0107om bradom od 180 stepeni.Va\u0161 savr\u0161en partner sa kojim nijedna avantura nije nedosti\u017ena.<br \/>\nPru\u017ei\u0107e vam savr\u0161enu za\u0161titu kao i najve\u0107i mogu\u0107i komfor gde god da vas put nanese.<\/p>\n<p>OPIS<br \/>\n&#8211; 2 veli\u010dine \u0161koljke<br \/>\n&#8211; Izdu\u017een oblik<br \/>\n&#8211; KARBON : LS2 koristi vi\u0161e slojeva karbonskog vlakna za izradu lagane, ali jake \u0161koljke koja podnosi udarce tako \u0161to raspore\u0111uje energiju po \u010ditavoj povr\u0161ini \u0161koljke.<\/p>\n<p>VIZIR<br \/>\nVizir \u201cA klase\u201d &#8211; Napravljen je od 3D Opti\u010dki proverenog Polikarbonata A-klase koji garantuje opti\u010dki neiskrivljen pogled na okolinu.Ujedno je otporan na ogrebotine i poseduje UV za\u0161titu.<\/p>\n<p>&#8211; Sun\u010dane Nao\u010dare ( Pru\u017eaju za\u0161titu voza\u010du od sun\u010devih zraka. Jednim potezom nao\u010dare se brzo di\u017eu i spu\u0161taju.)<br \/>\n&#8211; Laka Zamena Vizira<br \/>\n&#8211; Otpornost na Ogrebotine<br \/>\n&#8211; Otpornost na UV Zra\u010denje<br \/>\n&#8211; Priprema za Pinlock (Vizir dolazi sa pripremom za postavljanje Pinlock sistema protiv magljenja.)<br \/>\n&#8211; + Pinlock Max Vision<\/p>\n<p>KOMFORT<br \/>\n&#8211; Ekstra Komfort<br \/>\n&#8211; Antibakterijska Postava ( LS2 koristi hipoalergenske tkanine koje spre\u010davaju stvaranje vlage i bakterija u kacigi. )<br \/>\n&#8211; Laserski se\u010dena Pena ( Pena razli\u010dite gustine se\u010dena pomoc\u0301u 3D laserske tehnologije. )<br \/>\n&#8211; Zavesica za Bradu ( Pru\u017ea smanjenje buke od vetra i olak\u0161ano disanje pri ve\u0107im brzinama. )<\/p>\n<p>ZA\u0160TITA<br \/>\nDa biste osigurali dobru za\u0161titu, kaciga mora savr\u0161eno da prijanja na va\u0161u glavu, posebnu pa\u017enju treba posvetiti obliku unutra\u0161nje i spolja\u0161nje \u0161koljke kacige.<\/p>\n<p>&#8211; Oja\u010dana Traka za Bradu<br \/>\n&#8211; Metalna Sigurnosna Plo\u010dica (Metalni trougao sa spoljne strane kacige pri\u010dvr\u0161\u0107uje kai\u0161eve na \u0161koljku, radi dodatne sigurnosti.)<br \/>\n&#8211; Reflektivna Traka (Da bi se povec\u0301ala sigurnost voza\u010da noc\u0301u ili u uslovima slabe vidljivosti, za\u0161tita za vrat ima traku koja reflektuje svetlost.)<br \/>\n&#8211; Multi EPS Slojevi (Ekspandirani polistiren razli\u010ditih debljina smanjuje pritisak na teme glave.)<\/p>\n<p>VENTILACIJA<br \/>\n&#8211; Izduvni Kanal<br \/>\n&#8211; Gornja Ventilacija<br \/>\n&#8211; Donja Ventilacija<br \/>\nLS2<br \/>\nLS2 je poznati proizvo\u0111a\u010d kaciga za motocikliste, bicikliste i druge ekstremne sportske aktivnosti. Firma LS2 Helmets ima sedi\u0161te u \u0160paniji, a njihove kacige su dostupne i distribuirane \u0161irom sveta.<br \/>\nOsnovana je 1990. godine u \u0160paniji, a od tada je stekla reputaciju pru\u017eanja visokokvalitetnih i sigurnih kaciga po pristupa\u010dnim cenama. LS2 kacige se proizvode koriste\u0107i najnovije tehnologije i napredne materijale kako bi osigurale za\u0161titu i udobnost korisnika.<br \/>\nFirma je poznata po raznovrsnim linijama proizvoda koje pokrivaju razli\u010dite potrebe motociklista i biciklista, uklju\u010duju\u0107i kacige za motocikle, skutere, enduro i motokros vo\u017enju, kao i kacige za bicikliste.<br \/>\nMoto kacige: Glavni proizvod LS2 Helmets su razli\u010dite vrste moto kaciga koje pru\u017eaju za\u0161titu i udobnost motociklistima svih nivoa iskustva. To uklju\u010duje kacige za sport, touring, motokros, skutere i enduro vo\u017enju. Kacige su izra\u0111ene od naprednih materijala poput polikarbonata i uglji\u010dnih vlakana, \u0161to osigurava visoku otpornost na udarce i te\u017einu kacige.<br \/>\nModularne kacige: LS2 nudi i modularne kacige koje se mogu koristiti kao Full face ( zatvorene ) ili Jet ( poluotvorene), \u0161to pru\u017ea voza\u010dima fleksibilnost u vo\u017enji, pogotovo pri zaustavljanju i komunikaciji s drugima bez skidanja kacige.<br \/>\nJet (poluotvorene) kacige: Ove kacige pru\u017eaju za\u0161titu glave i lica, dok istovremeno pru\u017eaju otvoreniji ose\u0107aj vo\u017enje i bolju ventilaciju. Idealne su za gradsku vo\u017enju i kratke izlete.<br \/>\nBiciklisti\u010dke kacige: Pored moto kaciga, LS2 Helmets nudi i kacige za bicikliste. Ove kacige su dizajnirane da pru\u017ee visoku za\u0161titu glave biciklistima dok voze na cesti ili izvan nje.<br \/>\nDodatna oprema: LS2 tako\u0111er nudi razli\u010dite dodatke i rezervne delove za kacige, kao \u0161to su viziri razli\u010ditih nijansi, unutarnje podstave, za\u0161tita za vrat i drugi delova kako bi korisnici mogli prilagoditi i odr\u017eavati svoje kacige.<\/p>\n","protected":false},"excerpt":{"rendered":"<p>Najnaprednija modularna kaciga na tr\u017ei\u0161tu. 100% karbonska vlakna, uklju\u010duju\u0107i 180\u00ba rotirajuc\u0301u za\u0161titu za bradu, pru\u017eaju maksimalnu lakoc\u0301u i sigurnost, za svaku vrstu vo\u017enje i sve vremenske uslove. Vizir s Pinlock Max Vision, pode\u0161avaju\u0107i vizir za sunce.<\/p>\n","protected":false},"featured_media":7332,"template":"","meta":{"slim_seo":[]},"pwb-brand":[],"product_brand":[],"product_cat":[331],"product_tag":[],"class_list":{"0":"post-7326","1":"product","2":"type-product","3":"status-publish","4":"has-post-thumbnail","6":"product_cat-flip-up-kacige","7":"pa_vel-l","8":"pa_vel-m","9":"pa_vel-xl","11":"first","12":"outofstock","13":"shipping-taxable","14":"purchasable","15":"product-type-variable"},"brands":[],"_links":{"self":[{"href":"https:\/\/markos.rs\/index.php\/wp-json\/wp\/v2\/product\/7326","targetHints":{"allow":["GET"]}}],"collection":[{"href":"https:\/\/markos.rs\/index.php\/wp-json\/wp\/v2\/product"}],"about":[{"href":"https:\/\/markos.rs\/index.php\/wp-json\/wp\/v2\/types\/product"}],"wp:featuredmedia":[{"embeddable":true,"href":"https:\/\/markos.rs\/index.php\/wp-json\/wp\/v2\/media\/7332"}],"wp:attachment":[{"href":"https:\/\/markos.rs\/index.php\/wp-json\/wp\/v2\/media?parent=7326"}],"wp:term":[{"taxonomy":"pwb-brand","embeddable":true,"href":"https:\/\/markos.rs\/index.php\/wp-json\/wp\/v2\/pwb-brand?post=7326"},{"taxonomy":"product_brand","embeddable":true,"href":"https:\/\/markos.rs\/index.php\/wp-json\/wp\/v2\/product_brand?post=7326"},{"taxonomy":"product_cat","embeddable":true,"href":"https:\/\/markos.rs\/index.php\/wp-json\/wp\/v2\/product_cat?post=7326"},{"taxonomy":"product_tag","embeddable":true,"href":"https:\/\/markos.rs\/index.php\/wp-json\/wp\/v2\/product_tag?post=7326"}],"curies":[{"name":"wp","href":"https:\/\/api.w.org\/{rel}","templated":true}]}}